{"id":7905,"date":"2025-02-05T10:37:40","date_gmt":"2025-02-05T09:37:40","guid":{"rendered":"https:\/\/www.ibeauty.expert\/solfine\/"},"modified":"2025-08-18T20:13:55","modified_gmt":"2025-08-18T18:13:55","slug":"solfine","status":"publish","type":"page","link":"https:\/\/www.ibeauty.expert\/hr\/solfine\/","title":{"rendered":"Solfine"},"content":{"rendered":"\t\t<div data-elementor-type=\"wp-page\" data-elementor-id=\"7905\" class=\"elementor elementor-7905 elementor-5605\" data-elementor-post-type=\"page\">\n\t\t\t\t\t\t<section class=\"elementor-section elementor-top-section elementor-element elementor-element-35c9fb6d elementor-section-content-middle elementor-section-boxed elementor-section-height-default elementor-section-height-default\" data-id=\"35c9fb6d\" data-element_type=\"section\" data-e-type=\"section\">\n\t\t\t\t\t\t<div class=\"elementor-container elementor-column-gap-no\">\n\t\t\t\t\t<div class=\"elementor-column elementor-col-33 elementor-top-column elementor-element elementor-element-1322d556\" data-id=\"1322d556\" data-element_type=\"column\" data-e-type=\"column\">\n\t\t\t<div class=\"elementor-widget-wrap elementor-element-populated\">\n\t\t\t\t\t\t<div class=\"elementor-element elementor-element-1c224b12 elementor-widget elementor-widget-text-editor\" data-id=\"1c224b12\" data-element_type=\"widget\" data-e-type=\"widget\" data-widget_type=\"text-editor.default\">\n\t\t\t\t<div class=\"elementor-widget-container\">\n\t\t\t\t\t\t\t\t\t<p>SOLFINE<\/p>\n\t\t\t\t\t\t\t\t<\/div>\n\t\t\t\t<\/div>\n\t\t\t\t<div class=\"elementor-element elementor-element-2d77d947 elementor-widget elementor-widget-heading\" data-id=\"2d77d947\" data-element_type=\"widget\" data-e-type=\"widget\" data-widget_type=\"heading.default\">\n\t\t\t\t<div class=\"elementor-widget-container\">\n\t\t\t\t\t<h3 class=\"elementor-heading-title elementor-size-default\">Talijanska robna marka ve\u0107 od 1972. godine<\/h3>\t\t\t\t<\/div>\n\t\t\t\t<\/div>\n\t\t\t\t<div class=\"elementor-element elementor-element-98ef1c1 elementor-widget-divider--view-line elementor-widget elementor-widget-divider\" data-id=\"98ef1c1\" data-element_type=\"widget\" data-e-type=\"widget\" data-widget_type=\"divider.default\">\n\t\t\t\t<div class=\"elementor-widget-container\">\n\t\t\t\t\t\t\t<div class=\"elementor-divider\">\n\t\t\t<span class=\"elementor-divider-separator\">\n\t\t\t\t\t\t<\/span>\n\t\t<\/div>\n\t\t\t\t\t\t<\/div>\n\t\t\t\t<\/div>\n\t\t\t\t\t<\/div>\n\t\t<\/div>\n\t\t\t\t<div class=\"elementor-column elementor-col-33 elementor-top-column elementor-element elementor-element-10e248df\" data-id=\"10e248df\" data-element_type=\"column\" data-e-type=\"column\">\n\t\t\t<div class=\"elementor-widget-wrap elementor-element-populated\">\n\t\t\t\t\t\t<div class=\"elementor-element elementor-element-1b5cbfc1 elementor-widget elementor-widget-image\" data-id=\"1b5cbfc1\" data-element_type=\"widget\" data-e-type=\"widget\" data-widget_type=\"image.default\">\n\t\t\t\t<div class=\"elementor-widget-container\">\n\t\t\t\t\t\t\t\t\t\t\t\t\t\t\t<img alt=\"\" loading=\"lazy\" loading=\"lazy\" decoding=\"async\" width=\"400\" height=\"400\" src=\"https:\/\/www.ibeauty.expert\/wp-content\/uploads\/2022\/02\/1972.jpg\" class=\"elementor-animation-grow attachment-full size-full wp-image-7906\" alt=\"\" srcset=\"https:\/\/www.ibeauty.expert\/wp-content\/uploads\/2022\/02\/1972.jpg 400w, https:\/\/www.ibeauty.expert\/wp-content\/uploads\/2022\/02\/1972-300x300.jpg 300w, https:\/\/www.ibeauty.expert\/wp-content\/uploads\/2022\/02\/1972-100x100.jpg 100w, https:\/\/www.ibeauty.expert\/wp-content\/uploads\/2022\/02\/1972-150x150.jpg 150w, https:\/\/www.ibeauty.expert\/wp-content\/uploads\/2022\/02\/1972-1x1.jpg 1w, https:\/\/www.ibeauty.expert\/wp-content\/uploads\/2022\/02\/1972-10x10.jpg 10w\" sizes=\"auto, (max-width: 400px) 100vw, 400px\" \/>\t\t\t\t\t\t\t\t\t\t\t\t\t\t\t<\/div>\n\t\t\t\t<\/div>\n\t\t\t\t<div class=\"elementor-element elementor-element-1a34045 elementor-widget elementor-widget-text-editor\" data-id=\"1a34045\" data-element_type=\"widget\" data-e-type=\"widget\" data-widget_type=\"text-editor.default\">\n\t\t\t\t<div class=\"elementor-widget-container\">\n\t\t\t\t\t\t\t\t\t<p>1972<\/p>\n\t\t\t\t\t\t\t\t<\/div>\n\t\t\t\t<\/div>\n\t\t\t\t<div class=\"elementor-element elementor-element-56494912 elementor-widget elementor-widget-text-editor\" data-id=\"56494912\" data-element_type=\"widget\" data-e-type=\"widget\" data-widget_type=\"text-editor.default\">\n\t\t\t\t<div class=\"elementor-widget-container\">\n\t\t\t\t\t\t\t\t\t<p>Ime Solfine proizlazi iz formule \u0161ampona za masnu kosu na bazi sumpora &#8211; jednog od najprodavanijih proizvoda<\/p>\n<p>Renomirani talijanska robna marka za njegu kose pokrenula je svoju prvu proizvodnu liniju \u0161ampona i drugih profesionalnih proizvoda 1970-ih u kozmeti\u010dkom laboratoriju Cosmo Lab u blizini Arezza. <\/p>\n\t\t\t\t\t\t\t\t<\/div>\n\t\t\t\t<\/div>\n\t\t\t\t\t<\/div>\n\t\t<\/div>\n\t\t\t\t<div class=\"elementor-column elementor-col-33 elementor-top-column elementor-element elementor-element-6e1c725f\" data-id=\"6e1c725f\" data-element_type=\"column\" data-e-type=\"column\">\n\t\t\t<div class=\"elementor-widget-wrap elementor-element-populated\">\n\t\t\t\t\t\t<div class=\"elementor-element elementor-element-7d939d01 elementor-widget elementor-widget-text-editor\" data-id=\"7d939d01\" data-element_type=\"widget\" data-e-type=\"widget\" data-widget_type=\"text-editor.default\">\n\t\t\t\t<div class=\"elementor-widget-container\">\n\t\t\t\t\t\t\t\t\t<p>Premda se radilo o obrtni\u010dkoj proizvodnji, \u0161to je bilo zna\u010dajno za tada\u0161nje talijanske tvrtke, Cosmo Lab je ve\u0107 bio priznat na prekomorskim tr\u017ei\u0161tima. Tvrtka je bila poznata prvenstveno po profesionalnim bojama koje su predstavljale odli\u010dan omjer kvalitete i cijene te po profinjenom talijanskom ukusu boja, koje su imale bolju snagu prekrivanja i bile postojanije od francuskih, te prirodnije, sjajnije i raznolikije od njema\u010dkih<\/p>\n\t\t\t\t\t\t\t\t<\/div>\n\t\t\t\t<\/div>\n\t\t\t\t<div class=\"elementor-element elementor-element-156da0e8 elementor-widget elementor-widget-image\" data-id=\"156da0e8\" data-element_type=\"widget\" data-e-type=\"widget\" data-widget_type=\"image.default\">\n\t\t\t\t<div class=\"elementor-widget-container\">\n\t\t\t\t\t\t\t\t\t\t\t\t\t\t\t<img alt=\"\" loading=\"lazy\" loading=\"lazy\" decoding=\"async\" width=\"400\" height=\"400\" src=\"https:\/\/www.ibeauty.expert\/wp-content\/uploads\/2022\/02\/solfine.jpg\" class=\"elementor-animation-grow attachment-full size-full wp-image-7908\" alt=\"\" srcset=\"https:\/\/www.ibeauty.expert\/wp-content\/uploads\/2022\/02\/solfine.jpg 400w, https:\/\/www.ibeauty.expert\/wp-content\/uploads\/2022\/02\/solfine-300x300.jpg 300w, https:\/\/www.ibeauty.expert\/wp-content\/uploads\/2022\/02\/solfine-100x100.jpg 100w, https:\/\/www.ibeauty.expert\/wp-content\/uploads\/2022\/02\/solfine-150x150.jpg 150w, https:\/\/www.ibeauty.expert\/wp-content\/uploads\/2022\/02\/solfine-1x1.jpg 1w, https:\/\/www.ibeauty.expert\/wp-content\/uploads\/2022\/02\/solfine-10x10.jpg 10w\" sizes=\"auto, (max-width: 400px) 100vw, 400px\" \/>\t\t\t\t\t\t\t\t\t\t\t\t\t\t\t<\/div>\n\t\t\t\t<\/div>\n\t\t\t\t\t<\/div>\n\t\t<\/div>\n\t\t\t\t\t<\/div>\n\t\t<\/section>\n\t\t\t\t<section class=\"elementor-section elementor-top-section elementor-element elementor-element-533c3508 elementor-section-content-middle elementor-section-boxed elementor-section-height-default elementor-section-height-default\" data-id=\"533c3508\" data-element_type=\"section\" data-e-type=\"section\">\n\t\t\t\t\t\t<div class=\"elementor-container elementor-column-gap-no\">\n\t\t\t\t\t<div class=\"elementor-column elementor-col-100 elementor-top-column elementor-element elementor-element-1e0002c5\" data-id=\"1e0002c5\" data-element_type=\"column\" data-e-type=\"column\">\n\t\t\t<div class=\"elementor-widget-wrap elementor-element-populated\">\n\t\t\t\t\t\t<section class=\"elementor-section elementor-inner-section elementor-element elementor-element-42aa92a0 elementor-section-content-middle elementor-reverse-mobile elementor-section-boxed elementor-section-height-default elementor-section-height-default\" data-id=\"42aa92a0\" data-element_type=\"section\" data-e-type=\"section\">\n\t\t\t\t\t\t<div class=\"elementor-container elementor-column-gap-no\">\n\t\t\t\t\t<div class=\"elementor-column elementor-col-50 elementor-inner-column elementor-element elementor-element-16422bec\" data-id=\"16422bec\" data-element_type=\"column\" data-e-type=\"column\">\n\t\t\t<div class=\"elementor-widget-wrap elementor-element-populated\">\n\t\t\t\t\t\t<div class=\"elementor-element elementor-element-2b8517f elementor-widget elementor-widget-heading\" data-id=\"2b8517f\" data-element_type=\"widget\" data-e-type=\"widget\" data-widget_type=\"heading.default\">\n\t\t\t\t<div class=\"elementor-widget-container\">\n\t\t\t\t\t<h2 class=\"elementor-heading-title elementor-size-default\">1985<\/h2>\t\t\t\t<\/div>\n\t\t\t\t<\/div>\n\t\t\t\t<div class=\"elementor-element elementor-element-7805ecd elementor-widget elementor-widget-text-editor\" data-id=\"7805ecd\" data-element_type=\"widget\" data-e-type=\"widget\" data-widget_type=\"text-editor.default\">\n\t\t\t\t<div class=\"elementor-widget-container\">\n\t\t\t\t\t\t\t\t\t<p>U posljednja dva desetlje\u0107a Solfine tvrtka afirmirala se na kanadskom i australskom tr\u017ei\u0161tu kao vode\u0107a robna marka made in Italy. Svojoj ponudi dodali su nove profesionalne linije boja, koje su prodavane u brojnim ljekarnama i specijaliziranim parfumerijama u Kanadi i Australiji.\u00a0<\/p>\n<p>U sije\u010dnju 1998. godine laboratorij Cosmo Lab pretvorio se u tvrtku Cosmolab SRL sa sjedi\u0161tem u Sansepolcru. Usmjerili su se na proizvodnju proizvoda vlastite robne marke te na istra\u017eivanja i razvoj novih proizvoda.<\/p>\n<div>\u00a0<\/div>\n\t\t\t\t\t\t\t\t<\/div>\n\t\t\t\t<\/div>\n\t\t\t\t\t<\/div>\n\t\t<\/div>\n\t\t\t\t<div class=\"elementor-column elementor-col-50 elementor-inner-column elementor-element elementor-element-743cc10e\" data-id=\"743cc10e\" data-element_type=\"column\" data-e-type=\"column\">\n\t\t\t<div class=\"elementor-widget-wrap elementor-element-populated\">\n\t\t\t\t\t\t<div class=\"elementor-element elementor-element-12a7553a elementor-widget elementor-widget-image\" data-id=\"12a7553a\" data-element_type=\"widget\" data-e-type=\"widget\" data-widget_type=\"image.default\">\n\t\t\t\t<div class=\"elementor-widget-container\">\n\t\t\t\t\t\t\t\t\t\t\t\t\t\t\t<img alt=\"\" loading=\"lazy\" loading=\"lazy\" decoding=\"async\" width=\"800\" height=\"600\" src=\"https:\/\/www.ibeauty.expert\/wp-content\/uploads\/2022\/02\/solfine-1985-nova-2.jpg\" class=\"attachment-large size-large wp-image-7913\" alt=\"\" srcset=\"https:\/\/www.ibeauty.expert\/wp-content\/uploads\/2022\/02\/solfine-1985-nova-2.jpg 800w, https:\/\/www.ibeauty.expert\/wp-content\/uploads\/2022\/02\/solfine-1985-nova-2-600x450.jpg 600w, https:\/\/www.ibeauty.expert\/wp-content\/uploads\/2022\/02\/solfine-1985-nova-2-300x225.jpg 300w, https:\/\/www.ibeauty.expert\/wp-content\/uploads\/2022\/02\/solfine-1985-nova-2-768x576.jpg 768w, https:\/\/www.ibeauty.expert\/wp-content\/uploads\/2022\/02\/solfine-1985-nova-2-1x1.jpg 1w, https:\/\/www.ibeauty.expert\/wp-content\/uploads\/2022\/02\/solfine-1985-nova-2-10x8.jpg 10w\" sizes=\"auto, (max-width: 800px) 100vw, 800px\" \/>\t\t\t\t\t\t\t\t\t\t\t\t\t\t\t<\/div>\n\t\t\t\t<\/div>\n\t\t\t\t\t<\/div>\n\t\t<\/div>\n\t\t\t\t\t<\/div>\n\t\t<\/section>\n\t\t\t\t<section class=\"elementor-section elementor-inner-section elementor-element elementor-element-694c2c51 elementor-section-content-middle elementor-section-boxed elementor-section-height-default elementor-section-height-default\" data-id=\"694c2c51\" data-element_type=\"section\" data-e-type=\"section\">\n\t\t\t\t\t\t<div class=\"elementor-container elementor-column-gap-no\">\n\t\t\t\t\t<div class=\"elementor-column elementor-col-50 elementor-inner-column elementor-element elementor-element-2010be82\" data-id=\"2010be82\" data-element_type=\"column\" data-e-type=\"column\">\n\t\t\t<div class=\"elementor-widget-wrap elementor-element-populated\">\n\t\t\t\t\t\t<div class=\"elementor-element elementor-element-13c91ff5 elementor-widget elementor-widget-image\" data-id=\"13c91ff5\" data-element_type=\"widget\" data-e-type=\"widget\" data-widget_type=\"image.default\">\n\t\t\t\t<div class=\"elementor-widget-container\">\n\t\t\t\t\t\t\t\t\t\t\t\t\t\t\t<img alt=\"\" loading=\"lazy\" loading=\"lazy\" decoding=\"async\" width=\"800\" height=\"600\" src=\"https:\/\/www.ibeauty.expert\/wp-content\/uploads\/2022\/02\/solfine-red.jpg\" class=\"attachment-large size-large wp-image-7910\" alt=\"\" srcset=\"https:\/\/www.ibeauty.expert\/wp-content\/uploads\/2022\/02\/solfine-red.jpg 800w, https:\/\/www.ibeauty.expert\/wp-content\/uploads\/2022\/02\/solfine-red-600x450.jpg 600w, https:\/\/www.ibeauty.expert\/wp-content\/uploads\/2022\/02\/solfine-red-300x225.jpg 300w, https:\/\/www.ibeauty.expert\/wp-content\/uploads\/2022\/02\/solfine-red-768x576.jpg 768w, https:\/\/www.ibeauty.expert\/wp-content\/uploads\/2022\/02\/solfine-red-1x1.jpg 1w, https:\/\/www.ibeauty.expert\/wp-content\/uploads\/2022\/02\/solfine-red-10x8.jpg 10w\" sizes=\"auto, (max-width: 800px) 100vw, 800px\" \/>\t\t\t\t\t\t\t\t\t\t\t\t\t\t\t<\/div>\n\t\t\t\t<\/div>\n\t\t\t\t\t<\/div>\n\t\t<\/div>\n\t\t\t\t<div class=\"elementor-column elementor-col-50 elementor-inner-column elementor-element elementor-element-32f1cf08\" data-id=\"32f1cf08\" data-element_type=\"column\" data-e-type=\"column\">\n\t\t\t<div class=\"elementor-widget-wrap elementor-element-populated\">\n\t\t\t\t\t\t<div class=\"elementor-element elementor-element-f54197f elementor-widget elementor-widget-heading\" data-id=\"f54197f\" data-element_type=\"widget\" data-e-type=\"widget\" data-widget_type=\"heading.default\">\n\t\t\t\t<div class=\"elementor-widget-container\">\n\t\t\t\t\t<h2 class=\"elementor-heading-title elementor-size-default\">Kvaliteta i nje\u017enost<\/h2>\t\t\t\t<\/div>\n\t\t\t\t<\/div>\n\t\t\t\t<div class=\"elementor-element elementor-element-60376b26 elementor-widget elementor-widget-text-editor\" data-id=\"60376b26\" data-element_type=\"widget\" data-e-type=\"widget\" data-widget_type=\"text-editor.default\">\n\t\t\t\t<div class=\"elementor-widget-container\">\n\t\t\t\t\t\t\t\t\t<p>Solfine se odlikuje po sastojcima visoke kvalitete, nje\u017enim formulama i u\u010dinkovitosti. Istra\u017eivanja su usmjerena na razvoj proizvoda, koji su svestrani i nje\u017eni.<\/p>\n\t\t\t\t\t\t\t\t<\/div>\n\t\t\t\t<\/div>\n\t\t\t\t\t<\/div>\n\t\t<\/div>\n\t\t\t\t\t<\/div>\n\t\t<\/section>\n\t\t\t\t<section class=\"elementor-section elementor-inner-section elementor-element elementor-element-06e179e elementor-section-content-middle elementor-reverse-mobile elementor-section-boxed elementor-section-height-default elementor-section-height-default\" data-id=\"06e179e\" data-element_type=\"section\" data-e-type=\"section\">\n\t\t\t\t\t\t<div class=\"elementor-container elementor-column-gap-no\">\n\t\t\t\t\t<div class=\"elementor-column elementor-col-50 elementor-inner-column elementor-element elementor-element-c524052\" data-id=\"c524052\" data-element_type=\"column\" data-e-type=\"column\">\n\t\t\t<div class=\"elementor-widget-wrap elementor-element-populated\">\n\t\t\t\t\t\t<div class=\"elementor-element elementor-element-cc08501 elementor-widget elementor-widget-heading\" data-id=\"cc08501\" data-element_type=\"widget\" data-e-type=\"widget\" data-widget_type=\"heading.default\">\n\t\t\t\t<div class=\"elementor-widget-container\">\n\t\t\t\t\t<h2 class=\"elementor-heading-title elementor-size-default\">\u010cista energija i za\u0161tita okoli\u0161a<\/h2>\t\t\t\t<\/div>\n\t\t\t\t<\/div>\n\t\t\t\t<div class=\"elementor-element elementor-element-6fb7c8c elementor-widget elementor-widget-text-editor\" data-id=\"6fb7c8c\" data-element_type=\"widget\" data-e-type=\"widget\" data-widget_type=\"text-editor.default\">\n\t\t\t\t<div class=\"elementor-widget-container\">\n\t\t\t\t\t\t\t\t\t<p>Na\u0161a proizvodnja koristi isklju\u010divo \u010distu energiju iz obnovljivih izvora, \u0161to nadokna\u0111uje sve emisije CO2 zbog uporabe metana. Pored toga, dobrovoljno smo uklju\u010deni u Protokol iz Kyota.<\/p>\n\t\t\t\t\t\t\t\t<\/div>\n\t\t\t\t<\/div>\n\t\t\t\t\t<\/div>\n\t\t<\/div>\n\t\t\t\t<div class=\"elementor-column elementor-col-50 elementor-inner-column elementor-element elementor-element-5f0e21f\" data-id=\"5f0e21f\" data-element_type=\"column\" data-e-type=\"column\">\n\t\t\t<div class=\"elementor-widget-wrap elementor-element-populated\">\n\t\t\t\t\t\t<div class=\"elementor-element elementor-element-a15d5b2 elementor-widget elementor-widget-image\" data-id=\"a15d5b2\" data-element_type=\"widget\" data-e-type=\"widget\" data-widget_type=\"image.default\">\n\t\t\t\t<div class=\"elementor-widget-container\">\n\t\t\t\t\t\t\t\t\t\t\t\t\t\t\t<img alt=\"\" loading=\"lazy\" loading=\"lazy\" decoding=\"async\" width=\"800\" height=\"600\" src=\"https:\/\/www.ibeauty.expert\/wp-content\/uploads\/2022\/02\/solfine-2000.jpg\" class=\"attachment-large size-large wp-image-7909\" alt=\"\" srcset=\"https:\/\/www.ibeauty.expert\/wp-content\/uploads\/2022\/02\/solfine-2000.jpg 800w, https:\/\/www.ibeauty.expert\/wp-content\/uploads\/2022\/02\/solfine-2000-600x450.jpg 600w, https:\/\/www.ibeauty.expert\/wp-content\/uploads\/2022\/02\/solfine-2000-300x225.jpg 300w, https:\/\/www.ibeauty.expert\/wp-content\/uploads\/2022\/02\/solfine-2000-768x576.jpg 768w, https:\/\/www.ibeauty.expert\/wp-content\/uploads\/2022\/02\/solfine-2000-1x1.jpg 1w, https:\/\/www.ibeauty.expert\/wp-content\/uploads\/2022\/02\/solfine-2000-10x8.jpg 10w\" sizes=\"auto, (max-width: 800px) 100vw, 800px\" \/>\t\t\t\t\t\t\t\t\t\t\t\t\t\t\t<\/div>\n\t\t\t\t<\/div>\n\t\t\t\t\t<\/div>\n\t\t<\/div>\n\t\t\t\t\t<\/div>\n\t\t<\/section>\n\t\t\t\t\t<\/div>\n\t\t<\/div>\n\t\t\t\t\t<\/div>\n\t\t<\/section>\n\t\t\t\t<section class=\"elementor-section elementor-top-section elementor-element elementor-element-99551f7 elementor-section-boxed elementor-section-height-default elementor-section-height-default\" data-id=\"99551f7\" data-element_type=\"section\" data-e-type=\"section\">\n\t\t\t\t\t\t<div class=\"elementor-container elementor-column-gap-default\">\n\t\t\t\t\t<div class=\"elementor-column elementor-col-100 elementor-top-column elementor-element elementor-element-35a2c00\" data-id=\"35a2c00\" data-element_type=\"column\" data-e-type=\"column\">\n\t\t\t<div class=\"elementor-widget-wrap elementor-element-populated\">\n\t\t\t\t\t\t<div class=\"elementor-element elementor-element-1b02019 elementor-widget elementor-widget-heading\" data-id=\"1b02019\" data-element_type=\"widget\" data-e-type=\"widget\" data-widget_type=\"heading.default\">\n\t\t\t\t<div class=\"elementor-widget-container\">\n\t\t\t\t\t<h2 class=\"elementor-heading-title elementor-size-default\">Kvaliteta u skladu s ISO standardom<\/h2>\t\t\t\t<\/div>\n\t\t\t\t<\/div>\n\t\t\t\t<div class=\"elementor-element elementor-element-b75470b elementor-widget elementor-widget-text-editor\" data-id=\"b75470b\" data-element_type=\"widget\" data-e-type=\"widget\" data-widget_type=\"text-editor.default\">\n\t\t\t\t<div class=\"elementor-widget-container\">\n\t\t\t\t\t\t\t\t\t<p>Sustavi upravljanja na\u0161im proizvodnim pogonom nose certifikat kvalitete procesa, za\u0161tite okoli\u0161a, dobre proizvodne prakse kozmeti\u010dkih proizvoda, zdravlja i sigurnosti radnika.<\/p>\n\t\t\t\t\t\t\t\t<\/div>\n\t\t\t\t<\/div>\n\t\t\t\t<div class=\"elementor-element elementor-element-5c5da16 elementor-widget elementor-widget-image\" data-id=\"5c5da16\" data-element_type=\"widget\" data-e-type=\"widget\" data-widget_type=\"image.default\">\n\t\t\t\t<div class=\"elementor-widget-container\">\n\t\t\t\t\t\t\t\t\t\t\t\t\t\t\t<img alt=\"\" loading=\"lazy\" loading=\"lazy\" decoding=\"async\" width=\"768\" height=\"155\" src=\"https:\/\/www.ibeauty.expert\/wp-content\/uploads\/2022\/02\/solfine-ikone-new-768x155.png\" class=\"attachment-medium_large size-medium_large wp-image-7912\" alt=\"\" srcset=\"https:\/\/www.ibeauty.expert\/wp-content\/uploads\/2022\/02\/solfine-ikone-new-768x155.png 768w, https:\/\/www.ibeauty.expert\/wp-content\/uploads\/2022\/02\/solfine-ikone-new-600x121.png 600w, https:\/\/www.ibeauty.expert\/wp-content\/uploads\/2022\/02\/solfine-ikone-new-300x61.png 300w, https:\/\/www.ibeauty.expert\/wp-content\/uploads\/2022\/02\/solfine-ikone-new-1x1.png 1w, https:\/\/www.ibeauty.expert\/wp-content\/uploads\/2022\/02\/solfine-ikone-new-10x2.png 10w, https:\/\/www.ibeauty.expert\/wp-content\/uploads\/2022\/02\/solfine-ikone-new.png 988w\" sizes=\"auto, (max-width: 768px) 100vw, 768px\" \/>\t\t\t\t\t\t\t\t\t\t\t\t\t\t\t<\/div>\n\t\t\t\t<\/div>\n\t\t\t\t\t<\/div>\n\t\t<\/div>\n\t\t\t\t\t<\/div>\n\t\t<\/section>\n\t\t\t\t<\/div>\n\t\t","protected":false},"excerpt":{"rendered":"<p>SOLFINE Talijanska robna marka ve\u0107 od 1972. godine 1972 Ime Solfine proizlazi iz formule \u0161ampona za masnu kosu na bazi sumpora &#8211; jednog od najprodavanijih proizvoda Renomirani talijanska robna marka za njegu kose pokrenula je svoju prvu proizvodnu liniju \u0161ampona i drugih profesionalnih proizvoda 1970-ih&#8230;<\/p>\n","protected":false},"author":1,"featured_media":0,"parent":0,"menu_order":0,"comment_status":"closed","ping_status":"closed","template":"","meta":{"_seopress_robots_primary_cat":"","_seopress_titles_title":"","_seopress_titles_desc":"","_seopress_robots_index":"","footnotes":""},"class_list":["post-7905","page","type-page","status-publish","hentry"],"_links":{"self":[{"href":"https:\/\/www.ibeauty.expert\/hr\/wp-json\/wp\/v2\/pages\/7905","targetHints":{"allow":["GET"]}}],"collection":[{"href":"https:\/\/www.ibeauty.expert\/hr\/wp-json\/wp\/v2\/pages"}],"about":[{"href":"https:\/\/www.ibeauty.expert\/hr\/wp-json\/wp\/v2\/types\/page"}],"author":[{"embeddable":true,"href":"https:\/\/www.ibeauty.expert\/hr\/wp-json\/wp\/v2\/users\/1"}],"replies":[{"embeddable":true,"href":"https:\/\/www.ibeauty.expert\/hr\/wp-json\/wp\/v2\/comments?post=7905"}],"version-history":[{"count":1,"href":"https:\/\/www.ibeauty.expert\/hr\/wp-json\/wp\/v2\/pages\/7905\/revisions"}],"predecessor-version":[{"id":7914,"href":"https:\/\/www.ibeauty.expert\/hr\/wp-json\/wp\/v2\/pages\/7905\/revisions\/7914"}],"wp:attachment":[{"href":"https:\/\/www.ibeauty.expert\/hr\/wp-json\/wp\/v2\/media?parent=7905"}],"curies":[{"name":"wp","href":"https:\/\/api.w.org\/{rel}","templated":true}]}}