{"id":7929,"date":"2025-02-05T10:37:41","date_gmt":"2025-02-05T09:37:41","guid":{"rendered":"https:\/\/www.ibeauty.expert\/sigurnost-osobnih-podataka\/"},"modified":"2025-02-05T10:37:50","modified_gmt":"2025-02-05T09:37:50","slug":"sigurnost-osobnih-podataka","status":"publish","type":"page","link":"https:\/\/www.ibeauty.expert\/hr\/sigurnost-osobnih-podataka\/","title":{"rendered":"Sigurnost osobnih podataka"},"content":{"rendered":"\t\t<div data-elementor-type=\"wp-page\" data-elementor-id=\"7929\" class=\"elementor elementor-7929 elementor-3\" data-elementor-post-type=\"page\">\n\t\t\t\t\t\t<section class=\"elementor-section elementor-top-section elementor-element elementor-element-6a688cec elementor-section-boxed elementor-section-height-default elementor-section-height-default\" data-id=\"6a688cec\" data-element_type=\"section\" data-e-type=\"section\">\n\t\t\t\t\t\t<div class=\"elementor-container elementor-column-gap-default\">\n\t\t\t\t\t<div class=\"elementor-column elementor-col-100 elementor-top-column elementor-element elementor-element-fbe7aa8\" data-id=\"fbe7aa8\" data-element_type=\"column\" data-e-type=\"column\">\n\t\t\t<div class=\"elementor-widget-wrap elementor-element-populated\">\n\t\t\t\t\t\t<div class=\"elementor-element elementor-element-467325b8 elementor-widget elementor-widget-text-editor\" data-id=\"467325b8\" data-element_type=\"widget\" data-e-type=\"widget\" data-widget_type=\"text-editor.default\">\n\t\t\t\t<div class=\"elementor-widget-container\">\n\t\t\t\t\t\t\t\t\t<h1>Politika sigurnost osobnih podataka<\/h1>\n<p>Na na\u0161oj online trgovini od po\u010detka po\u0161tujemo va\u0161u privatnost i \u0161titimo va\u0161e podatke. Poslujemo u skladu s Zakonom o za\u0161titi osobnih podataka (ZVOP-1), od objave ovih pravila i u skladu s Europskom uredbom o za\u0161titi osobnih podataka (GDPR). Obvezujemo se da \u0107emo \u010duvati povjerljivost osobnih podataka i privatnost korisnika online trgovine. Prikupljene osobe podatke koristimo isklju\u010divo za pru\u017eanje usluga koje nudimo. Po\u0161tujemo povjerljivost osobnih podataka i privatnost korisnika online trgovine, zato \u0107emo u\u010diniti sve \u0161to je potrebno da ih za\u0161titimo od bilo kakvih prekr\u0161aja i zloporaba. Osobni podaci korisnika jedno je od podru\u010dja kojemu posve\u0107ujemo izvanrednu brigu i pozornost jer smo svjesni njegove osjetljive prirode.<\/p>\n<h2> Upravlja\u010d osobnih podataka i kontaktni podaci<\/h2>\n<p>Ova se politika primjenjuje za obradu (uporabu) bilo kakvih osobnih podataka, koju izvodi tvrtka Trimu\u017eijat d.o.o. (upravlja\u010d) ili, koja se izvodi u ime upravlja\u010da. <br \/>Podaci o upravlja\u010du: <br \/>Trimu\u017eijat d.o.o. <br \/>Orehovlje 2A <br \/>5291 Miren <br \/>Porezni broj: SI97002011 <br \/>Mati\u010dni broj: 5603200000 <br \/>Telefon: 040 428 206 <br \/>E-po\u0161ta: info@ibeauty.expert<\/p>\n<h2>Koje osobne podatke obra\u0111ujemo i prikupljamo<\/h2>\n<p><strong>Osnovni kontaktni podaci (podaci o identitetu)<\/strong><\/p>\n<ul>\n<li>ime i prezime, telefonski broj, adresa e-po\u0161te; podaci o identitetu poslovnih korisnika obuhva\u0107aju i naziv tvrtke te porezni broj, odnosno broj obveznika PDV-a.<\/li>\n<\/ul>\n<p><strong>Kontaktni podaci<\/strong><\/p>\n<ul>\n<li>adresa, po\u0161tanski broj i grad, dr\u017eava prebivanja, adresa za izdavanje ra\u010duna (ako se razlikuje od kontaktnog podatka), telefonski broj i adresa e-po\u0161te<\/li>\n<\/ul>\n<p><strong>Podaci o narud\u017ebi i pla\u0107anju<\/strong><\/p>\n<ul>\n<li>Pohranjujemo sve podatke o va\u0161oj narud\u017ebi i pla\u0107anju, uklju\u010duju\u0107i podatke o otkazanoj narud\u017ebi i povratu narud\u017ebe<\/li>\n<\/ul>\n<p><strong>Druge podatke<\/strong><\/p>\n<ul>\n<li>koje korisnik dobrovoljno unese u kontaktni obrazac ili narud\u017ebu u online trgovini. <\/li>\n<\/ul>\n<p><strong>Tehni\u010dki podaci<\/strong><\/p>\n<ul>\n<li>za osiguravanje sigurnosti i dokazivosti. Prikupljaju se i IP adrese, podaci o operativnom sustavu, pretra\u017eiva\u010du, lokaciji va\u0161eg ure\u0111aja, vrsti ure\u0111aja kojim pristupate na\u0161oj online stranici i sli\u010dno<\/li>\n<li>Prilikom va\u0161eg posjeta putem kola\u010di\u0107a prikupljamo podatke uz va\u0161u suglasnost, \u0161to osigurava bolju funkcionalnost i korisni\u010dko iskustvo, sigurnost, brojanje korisnika na online stranici i osiguravanje nesmetanog rada online stranice. Pojedinom korisniku se na po\u010detku posjeta dodjeljuje sesijski kola\u010di\u0107 za identifikaciju i pra\u0107enje. Online stranica mo\u017ee na ra\u010dunalo korisnika pohraniti i druge kola\u010di\u0107e, poput identifikacijskog broja korisnika u \u0161ifriranom obliku (za identifikaciju korisnika pri sljede\u0107em posjetu) i kola\u010di\u0107e iz Google Analytics sustava (analiza posjeta online stranice). Sesijski kola\u010di\u0107i pohranjuju se u memoriju poslu\u017eitelja samo za vrijeme trajanja posjeta i bri\u0161u se nakon jednog sata neaktivnosti, dok se trajni kola\u010di\u0107i pohranjuju na ra\u010dunalu posjetitelja 2 godine uz va\u0161 pristanak, nakon \u010dega postaju neaktivni.<\/li>\n<li>Nismo odgovorni za to\u010dnost, potpunost i a\u017eurnost podataka koje unose korisnici.<\/li>\n<\/ul>\n<h2>Pravne osnove za obradu osobnih podataka<\/h2>\n<p>Va\u0161e osobne podatke mo\u017eemo obra\u0111ivati na temelju sljede\u0107ih pravnih osnova:<\/p>\n<ul>\n<li>kada je to potrebno za ispunjavanje na\u0161ih zakonskih obveza (npr. izdavanje predra\u010duna ili ra\u010duna za naru\u010denu robu, za vo\u0111enje financijskih i poslovnih knjiga)<\/li>\n<li>kada ste dali privolu za obradu va\u0161ih osobnih podataka za pojedina\u010dnu svrhu obrade, pri \u010demu uvijek imate pravo opozvati danu privolu pitanjima koja \u0161aljete putem na\u0161ih kontaktnih obrazaca na online stranici ili putem objavljenih adresa e-po\u0161te, a koristit \u0107emo ih isklju\u010divo za rje\u0161avanje pote\u0161ko\u0107a ili pripremu odgovora<\/li>\n<li>na pitanje o svrsi obrade osobnih podataka. <\/li>\n<\/ul>\n<h2>Svrha obrade osobnih podataka<\/h2>\n<p>Potrebno je izri\u010dito potvrditi suglasnost i znanje o tome da ste slanjem upita, komentara ili pitanja putem na\u0161eg kontaktnog obrasca upisali svoje podatke te izrazili pristanak i svijest da \u0107e se va\u0161i podaci (ime i prezime, adresa e-po\u0161te i telefonski broj) \u010duvati u svrhu korektne komunikacije. Va\u0161e osobne podatke koristimo u jednu ili vi\u0161e navedenih svrha:<\/p>\n<ul>\n<li>komunikacija s vama zbog pru\u017eanja na\u0161ih usluga, odgovaranje na va\u0161e upite i narud\u017ebe<\/li>\n<li>sklapanje ugovora i ispunjavanje obveza koje proizlaze iz sklopljenog ugovora<\/li>\n<li>za ostvarivanje bilo kakvih pravnih zahtjeva i rje\u0161avanje sporova<\/li>\n<li>za statisti\u010dke analize kori\u0161tenja na\u0161e online stranice.<\/li>\n<\/ul>\n<h2>Kako dobivamo podatke<\/h2>\n<p>Podatke o vama dobivamo na vi\u0161e na\u010dina, poput:<\/p>\n<ul>\n<li>slanjem upita<\/li>\n<li>naru\u010divanjem<\/li>\n<li>zahtjevom za slanje predra\u010duna<\/li>\n<li>otkazivanjem narud\u017ebe.<\/li>\n<\/ul>\n<p>Tehni\u010dke podatke dobivamo automatski. Google nam posreduje podatke koje ste vi dozvolili.<\/p>\n<h2>Tko ima pristup va\u0161im osobnim podacima<\/h2>\n<p>Osim nas, va\u0161e osobne podatke koriste i na\u0161i pouzdani partneri potrebni za pru\u017eanje usluga u skladu s va\u017ee\u0107im Zakonom o za\u0161titi osobnih podataka te Europskom uredbom o za\u0161titi osobnih podataka:<\/p>\n<ul>\n<li> dostavnim slu\u017ebama posredujemo podatke potrebne za transport i dostavu narud\u017ebe<\/li>\n<li>ako va\u0161a narud\u017eba obuhva\u0107a proizvode koji su na zalihama kod dobavlja\u010da, posredujemo mu podatke potrebne za pripremu po\u0161iljke s va\u0161om dostavnom adresom, zatim sadr\u017eaj narud\u017ebe dostavlja\u010dima i ovla\u0161tenim serviserima, ovla\u0161tenim ustanovama preko <\/li>\n<li>kojih rje\u0161avate reklamacije ili upite te ako je to u skladu sa zakonom (sud i sl.)<\/li>\n<\/ul>\n<h2>Rokovi \u010duvanja osobnih podataka<\/h2>\n<p>Va\u0161e osobne podatke \u010duvat \u0107emo u opsegu koji je potreban za ostvarivanje svrhe obrade i sve dok je to potrebno za dovr\u0161avanje narud\u017ebe robe te u rokovima zastare za obveze koje bi mogle proiza\u0107i iz obrade tih osobnih podataka. Podatke dobivene temeljem privole \u010duvamo do njezina opoziva. Podatke o izdanim ra\u010dunima \u010duvamo 10 godina od izdavanja. Ako je rok pohrane osobnih podataka utvr\u0111en zakonom, podatke \u010duvamo u skladu sa zakonskom odredbom.<\/p>\n<h2>Osiguravanje za\u0161tite<\/h2>\n<p>Na na\u0161im online stranicama koristimo vi\u0161e sigurnosno-za\u0161titnih sustava koji osiguravaju odgovaraju\u0107u za\u0161titu od gubitka, otkrivanja, ne\u017eeljenih izmjena ili zloporabe podataka. Za prijenos svih osobnih podataka koristimo SSL tehnologiju (Secure Socket Layer), koja omogu\u0107uje potrebnu za\u0161titu tijekom prijenosa podataka, \u0161to osigurava sigurnost na\u0161ih klijenata dok podaci putuju u bazu podataka. Pristup prikupljenim osobnim podacima imaju samo ovla\u0161tene osobe (ugovorni partneri). Molimo vas da nam pomognete u za\u0161titi va\u0161ih osobnih podataka tako da se sami pobrinete za sigurnost va\u0161eg korisni\u010dkog imena i lozinke.<\/p>\n<h2>Kola\u010di\u0107i<\/h2>\n<p>Kola\u010di\u0107i su tekstualne datoteke koje mre\u017eni poslu\u017eitelj pohranjuje na va\u0161e ra\u010dunalo i ne sadr\u017ee podatke kojima je mogu\u0107e ustanoviti va\u0161 identitet. Pomo\u0107u kola\u010di\u0107a poslu\u017eitelj zna da ste posjetili online stranicu, \u0161to mo\u017eemo iskoristiti za prilagodbu online stranice korisniku. Ako ne \u017eelite imati na\u0161e kola\u010di\u0107e na va\u0161em ra\u010dunalu, ne zaboravite da je pohrana kola\u010di\u0107a pod potpunim nadzorom va\u0161eg pretra\u017eiva\u010da. Biranjem odgovaraju\u0107ih opcija na va\u0161em pretra\u017eiva\u010du mo\u017eete u bilo koje vrijeme ograni\u010diti ili onemogu\u0107iti kola\u010di\u0107e i trajno obrisati kola\u010di\u0107e pohranjene na va\u0161em ure\u0111aju.<\/p>\n<h2>Google Fonts<\/h2>\n<p>Na na\u0161oj online stranici koristimo Google Fonts tvrtke Google (1600 Amphitheater Parkway Mountain View, CA 94043, ZDA). Google Fonts koriste se bez provjere koriste se bez provjere autenti\u010dnosti, a kola\u010di\u0107i se ne \u0161alju Google Fonts API pretra\u017eiva\u010du. Ako imate svoj Google ra\u010dun, tijekom uporabe Google Fonts va\u0161i podaci ne\u0107e biti poslani Googleu. Google zapisuje samo uporabu CSS-a i kori\u0161tenog fonta i te podatke sigurno pohranjuje. Vi\u0161e o tome i o drugim pitanjima dostupno je na www. <a href=\"https:\/\/developers.google.com\/fonts\/faq\">https:\/\/developers.google.com\/fonts\/faq<\/a>. Koje podatke prikuplja Google i kako koristi te informacije mo\u017eete pro\u010ditati na <a href=\"https:\/\/policies.google.com\/privacy?hl=sl\">https:\/\/policies.google.com\/privacy?hl=sl<\/a>.<\/p>\n<h2>Va\u0161a prava<\/h2>\n<p>Na\u0161im naru\u010diteljima i korisnicima osiguravamo svu potrebnu podr\u0161ku za ostvarivanje prava koje navodimo u nastavku:<\/p>\n<ul>\n<li>na ovoj stranici \u0107emo vas u cijelosti upoznati s time kako koristimo va\u0161e osobne podatke<\/li>\n<li>u odre\u0111enim slu\u010dajevima mo\u017eete ostvariti i pravo na brisanje va\u0161ih osobnih podataka; ako ste naru\u010divali kod nas, molimo vas da uzmete u obzir kako va\u0161e podatke moramo \u010duvati sukladno zakonskim odredbama<\/li>\n<li>u odre\u0111enim slu\u010dajevima mo\u017eete zatra\u017eiti privremenu ili trajnu zabranu daljnje obrade va\u0161ih osobnih podataka, u cijelosti ili djelomi\u010dno<\/li>\n<li>a na va\u0161 zahtjev poslat \u0107emo vam va\u0161e  osobne podatke prikupljene u elektronskom obliku<\/li>\n<\/ul>\n<p>Imate pravo na informacije s kojim osobnim podacima raspola\u017eemo, kao i pravo na brisanje tih podataka. Ako imate pitanja u vezi s brisanjem, obradom ili uporabom va\u0161ih osobnih podataka pi\u0161ite nam na na\u0161u adresu e-po\u0161te ili po\u0161tom po\u0161aljite zahtjev na na\u0161u adresu. Na va\u0161 zahtjev, kojim ostvarujete svoja prava u vezi s osobnim podacima, moramo odgovoriti bez nepotrebnog odugovla\u010denja najkasnije u roku od jednog mjeseca od primitka va\u0161eg zahtjeva. Svaka promjena na\u0161e politike o za\u0161titi osobnih podataka bit \u0107e objavljena na ovoj online stranici.<\/p>\n\t\t\t\t\t\t\t\t<\/div>\n\t\t\t\t<\/div>\n\t\t\t\t\t<\/div>\n\t\t<\/div>\n\t\t\t\t\t<\/div>\n\t\t<\/section>\n\t\t\t\t<\/div>\n\t\t","protected":false},"excerpt":{"rendered":"<p>Politika sigurnost osobnih podataka Na na\u0161oj online trgovini od po\u010detka po\u0161tujemo va\u0161u privatnost i \u0161titimo va\u0161e podatke. Poslujemo u skladu s Zakonom o za\u0161titi osobnih podataka (ZVOP-1), od objave ovih pravila i u skladu s Europskom uredbom o za\u0161titi osobnih podataka (GDPR). Obvezujemo se da&#8230;<\/p>\n","protected":false},"author":1,"featured_media":0,"parent":0,"menu_order":0,"comment_status":"closed","ping_status":"open","template":"","meta":{"_seopress_robots_primary_cat":"","_seopress_titles_title":"","_seopress_titles_desc":"","_seopress_robots_index":"","footnotes":""},"class_list":["post-7929","page","type-page","status-publish","hentry"],"_links":{"self":[{"href":"https:\/\/www.ibeauty.expert\/hr\/wp-json\/wp\/v2\/pages\/7929","targetHints":{"allow":["GET"]}}],"collection":[{"href":"https:\/\/www.ibeauty.expert\/hr\/wp-json\/wp\/v2\/pages"}],"about":[{"href":"https:\/\/www.ibeauty.expert\/hr\/wp-json\/wp\/v2\/types\/page"}],"author":[{"embeddable":true,"href":"https:\/\/www.ibeauty.expert\/hr\/wp-json\/wp\/v2\/users\/1"}],"replies":[{"embeddable":true,"href":"https:\/\/www.ibeauty.expert\/hr\/wp-json\/wp\/v2\/comments?post=7929"}],"version-history":[{"count":1,"href":"https:\/\/www.ibeauty.expert\/hr\/wp-json\/wp\/v2\/pages\/7929\/revisions"}],"predecessor-version":[{"id":7930,"href":"https:\/\/www.ibeauty.expert\/hr\/wp-json\/wp\/v2\/pages\/7929\/revisions\/7930"}],"wp:attachment":[{"href":"https:\/\/www.ibeauty.expert\/hr\/wp-json\/wp\/v2\/media?parent=7929"}],"curies":[{"name":"wp","href":"https:\/\/api.w.org\/{rel}","templated":true}]}}