{"id":7931,"date":"2025-02-05T10:37:42","date_gmt":"2025-02-05T09:37:42","guid":{"rendered":"https:\/\/www.ibeauty.expert\/opci-uvjeti-poslovanja\/"},"modified":"2025-08-18T20:29:55","modified_gmt":"2025-08-18T18:29:55","slug":"opci-uvjeti-poslovanja","status":"publish","type":"page","link":"https:\/\/www.ibeauty.expert\/hr\/opci-uvjeti-poslovanja\/","title":{"rendered":"Op\u0107i uvjeti poslovanja"},"content":{"rendered":"\t\t<div data-elementor-type=\"wp-page\" data-elementor-id=\"7931\" class=\"elementor elementor-7931 elementor-4931\" data-elementor-post-type=\"page\">\n\t\t\t\t\t\t<section class=\"elementor-section elementor-top-section elementor-element elementor-element-3249aca elementor-section-boxed elementor-section-height-default elementor-section-height-default\" data-id=\"3249aca\" data-element_type=\"section\" data-e-type=\"section\">\n\t\t\t\t\t\t<div class=\"elementor-container elementor-column-gap-no\">\n\t\t\t\t\t<div class=\"elementor-column elementor-col-100 elementor-top-column elementor-element elementor-element-430961b\" data-id=\"430961b\" data-element_type=\"column\" data-e-type=\"column\">\n\t\t\t<div class=\"elementor-widget-wrap elementor-element-populated\">\n\t\t\t\t\t\t<div class=\"elementor-element elementor-element-c2e7a29 elementor-widget elementor-widget-text-editor\" data-id=\"c2e7a29\" data-element_type=\"widget\" data-e-type=\"widget\" data-widget_type=\"text-editor.default\">\n\t\t\t\t<div class=\"elementor-widget-container\">\n\t\t\t\t\t\t\t\t\t<h1>Op\u0107i uvjeti poslovanja<\/h1>\n<p><\/p>\n<ol>\n<li>\n<h2><strong> Op\u0107e informacije <\/strong><\/h2>\n<\/li>\n<\/ol>\n<p>Uvjeti poslovanja za ovu online trgovinu <a href=\"https:\/\/www.ibeauty.expert\/hr\/\">www.negujlase.si<\/a> (u daljnjem tekstu: online trgovina) definiraju uvjete poslovanja online trgovine u vezi s kupovinom i prodajom robe na daljinu, \u0161to izvodi tvrtka TRIMU\u017dIJAT Trgovina in zastopanje d.o.o., Orehovlje 2A, 5291 Miren, mati\u010dni broj: 5603200000 (u daljnjem tekstu: tvrtka ili Trimu\u017eijat).<br \/>Online trgovina je informacijski sustav namijenjen predstavljanju i prodaji robe. Vlasnik i upravlja\u010d online trgovine je Trimu\u017eijat.<\/p>\n<p>Prije uporabe online trgovine korisnik treba pa\u017eljivo pro\u010ditati ove Uvjete poslovanja (u daljnjem tekstu: uvjeti). Uporabom online trgovine smatra se da je korisnik suglasan s ovim uvjetima.<\/p>\n<p>Korisnik online trgovine koji \u017eeli obaviti kupnju, a ima od 15 do 18 godina, kupnju mo\u017ee obaviti samo uz prethodnu pismenu suglasnost roditelja ili skrbnika.<\/p>\n<p>Tvrtka nije provela kontrolu svih online stranica koje su mo\u017eda povezane s online stranicom trgovine i zato nije odgovorna za sadr\u017eaj bilo koje vanjske ili druge stranice, koja je s njome na bilo koji na\u010din povezana. Za povezanost drugih online stranica ili mjesta cjelokupni rizik snosi sam korisnik.<\/p>\n<p>Korisnik mo\u017ee trgovinu obaviti bez registracije.<\/p>\n<p>Za dodatne informacije dostupni smo na telefonski broj <a href=\"tel:05 395 42 81\">05 395 42 81<\/a> svakog radnog dana od ponedjeljka do petka, izme\u0111u 8:00 i 16:00. Mo\u017eete nam pisati i na adresu elektronske po\u0161te <a href=\"mailto:pomoc@trimuzijat.com\">pomoc@trimuzijat.com<\/a>. Odgovor \u0107emo poslati u najkra\u0107em mogu\u0107em roku.<\/p>\n<p>Obavijest u skladu s 32. \u010dlankom Zakona o izvansudskom rje\u0161avanju potro\u0161a\u010dkih sporova.<\/p>\n<p>U skladu s tre\u0107im stavkom 32. \u010dlanka Zakona o izvansudskom rje\u0161avanju potro\u0161a\u010dkih sporova (Uradni list RS, br. 81\/2015) obavje\u0161tavamo vas da tvrtka za rje\u0161avanje potro\u0161a\u010dkih sporova, koje potro\u0161a\u010d mo\u017ee pokrenuti sukladno navedenom zakonu, ne priznaje niti jednog IRPS izvo\u0111a\u010da.<\/p>\n<ol start=\"2\">\n<li>\n<h2><strong> Cijene<\/strong><\/h2>\n<\/li>\n<\/ol>\n<p>Cijene robe navedene u online trgovini izra\u017eene su u EUR. PDV je ve\u0107 uklju\u010den u cijenu. Navedene online cijene vrijede isklju\u010divo za online kupovinu. Rok valjanosti ponude i cijena vrijede na dan narud\u017ebe. Tvrtka pridr\u017eava pravo na promjenu cijena robe u online trgovini.<\/p>\n<p>Zavr\u0161etkom kupovine primit \u0107ete poruku e-po\u0161te s potvrdom o svim pojedinostima va\u0161e narud\u017ebe.<\/p>\n<p>Va\u017ene zna\u010dajke robe navedene za pojedina\u010dni proizvod u online trgovini, a slike robe su samo simboli\u010dke te slu\u017ee kao informativni prikaz i ne odra\u017eavaju uvijek stvarno stanje robe.<\/p>\n<p>Minimalni iznos koji korisnik treba potro\u0161iti za obaviti jednokratnu kupovinu u online trgovini je 5,00 EUR, a maksimalni iznos je 2,000 EUR s uklju\u010denim PDV-om.<\/p>\n<ol start=\"3\">\n<li>\n<h2><strong>Postupak kupovine<\/strong><\/h2>\n<\/li>\n<\/ol>\n<p><\/p>\n<ul>\n<li>Odaberite proizvod i stavite u ko\u0161aricu.<\/li>\n<li>Unos podataka korisnika potrebnih za obavljanje kupovine.<\/li>\n<li>Nakon narud\u017ebe primit \u0107ete povratnu e-poruku s podacima za pristup ugovoru na online strani <a href=\"https:\/\/www.ibeauty.expert\/hr\/\">negujlase.si<\/a><\/li>\n<li>Nakon narud\u017ebe primit \u0107ete povratnu e-poruku s podacima za pristup ugovoru na online strani <a href=\"https:\/\/www.ibeauty.expert\/hr\/\">negujlase.si<\/a> i pregled naru\u010denih proizvoda\/usluga.<\/li>\n<li>Ugovor je sklopljen kada kupac primi potvrdu o naru\u010denoj robi na adresu e-po\u0161te, odnosno, u slu\u010daju pla\u0107anja robe platnom karticom, ugovor o kupovini sklopljen je u trenutku uspje\u0161no obavljene uplate.<\/li>\n<li>Ugovor istje\u010de petnaest (15) dana nakon \u0161to kupac primi robu. Ugovori se ponavljaju novim narud\u017ebama i traju do isteka.<\/li>\n<\/ul>\n<p><\/p>\n<ol start=\"4\">\n<li>\n<h2><strong> Na\u010din pla\u0107anja<\/strong><\/h2>\n<\/li>\n<\/ol>\n<p>Kupovinom u online trgovini korisnik mo\u017ee odabrati jedan od sljede\u0107ih na\u010dina pla\u0107anja:<\/p>\n<ul>\n<li>Platna kartica: Prilikom kupovine korisnik treba odabrati vrstu platne kartice kojom \u017eeli platiti odabranu robu. Potrebno je unijeti broj platne kartice, datum njezine valjanosti i mogu\u0107e druge podatke koje tra\u017ei sustav za pla\u0107anje online trgovine.<\/li>\n<li>Paypal<\/li>\n<\/ul>\n<p>Tvrtka pridr\u017eava pravo na promjenu, odnosno uvo\u0111enje drugih na\u010dina pla\u0107anja od gore navedenih.<\/p>\n<p>Roba ostaje u vlasni\u0161tvu tvrtke do potpunog pla\u0107anja narud\u017ebe, \u010dak i ako je ve\u0107 isporu\u010dena korisniku. Ako korisnik odabere na\u010din pla\u0107anja platnom karticom obvezuje se da \u0107e u slu\u010daju neuspje\u0161ne uplate, iz bilo kojeg razloga, u roku od pet dana od primljenog poziva za uplatom od strane tvrtke, uplatiti iznos kupovne cijene na jedan od drugih ponu\u0111enih na\u010dina.<\/p>\n<p>U slu\u010daju nepla\u0107anja ili nepotpunog pla\u0107anja, tvrtka ima pravo od korisnika zatra\u017eiti povrat robe u besprijekornom stanju.<\/p>\n<ol start=\"5\">\n<li>\n<h2><strong> Dostava <\/strong><\/h2>\n<\/li>\n<\/ol>\n<p>Roba na zalihama bit \u0107e dostavljena u roku od <strong>5 do 7 radnih dana<\/strong>, ra\u010dunaju\u0107i od datuma va\u0161e narud\u017ebe. Naru\u010dena roba isporu\u010duje se samo na podru\u010dju Republike Slovenije putem odabrane dostavne slu\u017ebe i mo\u017ee biti napla\u0107ena po va\u017ee\u0107em cjeniku prijevoznika. Korisnik \u0107e biti prethodno upoznat s mogu\u0107im tro\u0161kovima dostave. Nakon \u0161to tvrtka preda naru\u010denu robu dostavnoj slu\u017ebi i obavijesti korisnika o isporuci, korisnik mora sve vezano uz dostavu naru\u010dene robe dogovoriti izravno s dostavnom slu\u017ebom.<\/p>\n<p>Nakon izvr\u0161ene narud\u017ebe, korisnik dobiva potvrdu narud\u017ebe s popisom naru\u010dene robe putem adrese e-po\u0161te koju je naveo prilikom narud\u017ebe. Dokument sadr\u017ei broj narud\u017ebe koji korisnik mo\u017ee koristiti kada stupa u kontakt s tvrtkom. Potvrda narud\u017ebe sadr\u017ei i kontaktne podatke tvrtke kojoj se korisnik mo\u017ee obratiti s bilo kojim pitanjem u vezi s narud\u017ebom.<\/p>\n<p>Rok dostave odre\u0111enih proizvoda mo\u017ee se produ\u017eiti. Mogu\u0107e je da su pojedini proizvodi rasprodani i vi\u0161e nisu dostupni. Ako naru\u010dene proizvode ne mo\u017eemo dostaviti u predvi\u0111enom roku, o tome \u0107emo vas obavijestiti, pri \u010demu \u0107emo koristiti va\u0161e kontaktne podatke koje ste nam povjerili tijekom narud\u017ebe.<\/p>\n<p>Dobavlja\u010d odnosno ovla\u0161tena dostavna slu\u017eba, pridr\u017eava pravo provjere identiteta primatelja robe na odgovaraju\u0107i na\u010din (uvidom u osobne ili druge dokumente), jer na taj na\u010din osigurava da se naru\u010dena roba isporu\u010duje pravom naru\u010ditelju.<\/p>\n<ol start=\"6\">\n<li>\n<h2><strong> Reklamacije \u2013 stvarne gre\u0161ke <\/strong><\/h2>\n<\/li>\n<\/ol>\n<p>Kupac je du\u017ean pregledati vrstu i koli\u010dinu robe te o mogu\u0107im nedostacima obavijestiti tvrtku pismenim putem u roku od 3 dana od nepreuzimanja robe.<\/p>\n<p>U slu\u010daju reklamacije proizvoda temeljem stvarne gre\u0161ke, kupac treba proizvod vratiti u originalnoj ambala\u017ei s preciznim opisom gre\u0161ke najkasnije u roku od dva mjeseca od dana otkri\u0107a gre\u0161ke. Reklamiranom proizvodu potrebno je prilo\u017eiti fotokopiju ra\u010duna. Vra\u0107eni proizvod bit \u0107e predan slu\u017ebi za reklamacije koja \u0107e ocijeniti opravdanost reklamacije. O rezultatu postupka i daljnjim koracima kupac \u0107e biti obavije\u0161ten u roku od 8 dana od primitka reklamacije<\/p>\n<p>Tvrtka ne odgovara za gre\u0161ke i mogu\u0107u \u0161tetu nastalu zbog nepravilne uporabe i odr\u017eavanja proizvoda. Reklamirani proizvod vratite na adresu tvrtke: Orehovlje 2A, 8291 Miren, s natpisom online trgovina Neguj lase.<\/p>\n<p>Tro\u0161ak slanja vra\u0107ene robe snosi po\u0161iljatelj odabranom izvo\u0111a\u010du kojeg odabere za slanje paketa. Ne primamo po\u0161iljke s otkupninom.<\/p>\n<p>Za sve dodatne informacije dostupni smo putem e-po\u0161te <a href=\"mailto:pomoc@trimuzijat.com\">pomoc@trimuzijat.com<\/a> ili telefonskog broja <a href=\"tel:05 395 42 81\">05 395 42 81<\/a>.<\/p>\n<p>Pravo na utvr\u0111ivanje stvarnih gre\u0161aka detaljno ure\u0111uje Zakon o za\u0161titi potro\u0161a\u010da.<\/p>\n<ol start=\"7\">\n<li>\n<h2><strong> Odustajanje od ugovora<\/strong><\/h2>\n<\/li>\n<\/ol>\n<p>Kupac, odnosno potro\u0161a\u010d, ima pravo odustati od ugovora u roku od 14 dana od preuzimanja robe slanjem na adresu <a href=\"mailto:pomoc@trimuzijat.com\">pomoc@trimuzijat.com<\/a> nedvojbene pismene izjave da odustaje od ugovora ili prilo\u017eeni <strong><a href=\"https:\/\/www.ibeauty.expert\/wp-content\/uploads\/2022\/02\/splosni-pogoji-poslovanja-Neguj-lase-1.docx\">Obrazac<\/a>.<\/strong> Ovog prava ne mo\u017ee se unaprijed odre\u0107i.<\/p>\n<p>Kupac treba vratiti robu u besprijekornom stanju, originalnoj ambala\u017ei i nepromijenjenoj koli\u010dini na adresu: Orehovlje 2A, 5291 Miren, odmah odnosno najkasnije u roku od 14 dana nakon slanja pisane poruke o odustajanju od ugovora, pri \u010demu kupac sam snosi neposredne tro\u0161kove vra\u0107anja robe (npr. po\u0161tarina). U slu\u010daju odustajanja od ugovora, tvrtka kupcu vra\u0107a iznos kupovne cijene u roku od 14 dana od primanja obavijesti o odustajanju od ugovora, odnosno u najkra\u0107em vremenu od preuzimanja robe koja je predmet povrata. Tvrtka pridr\u017eava pravo da zadr\u017ei vra\u0107anje primljene uplate do preuzimanja vra\u0107ene robe. Vra\u0107anje kupovnog iznosa treba biti izvedeno uplatom na transakcijski ra\u010dun kupca, koji je naveden na <a href=\"https:\/\/www.ibeauty.expert\/wp-content\/uploads\/2022\/02\/splosni-pogoji-poslovanja-Neguj-lase-1.docx\"><strong>Obrazcu<\/strong><\/a>. Tvrtka \u0107e kupcu vratiti cijeli iznos kupovne cijene bez kamata.<\/p>\n<p>Odustajanje od ugovora od strane kupca, koji je pravna osoba, definirano je odredbama Obligacijskog zakonika.<\/p>\n<ol start=\"8\">\n<li>\n<h2><strong> Ugovor o kupovini<\/strong><\/h2>\n<\/li>\n<\/ol>\n<p>U trenutku primitka potvrde o naru\u010denoj robi na adresu e-po\u0161te kupca, smatra se da je sklopljen ugovor o kupovini. Navedeno ne vrijedi u slu\u010daju pla\u0107anja platnom karticom, pri \u010demu se smatra da je ugovor sklopljen u trenutku uspje\u0161no obavljene autorizacije uplate. Kupac \u0107e biti obavije\u0161ten u slu\u010daju neuspje\u0161ne autorizacije.<\/p>\n<p>Ugovor o kupovini \u010duva se u sjedi\u0161tu tvrtke i kupac ga mo\u017ee primiti slanjem pismenog zahtjeva na adresu e-po\u0161te:<\/p>\n<p><a href=\"mailto:pomoc@trimuzijat.com\">pomoc@trimuzijat.com<\/a> \u00a0Sklopljen ugovor (odnosno narud\u017ebu) tvrtka \u0107e \u010duvati 6 mjeseci nakon sklapanja. U tom roku mogu\u0107 je pristup ugovoru.<\/p>\n<ol start=\"9\">\n<li>\n<h2><strong> Rasprodani proizvodi<\/strong><\/h2>\n<\/li>\n<\/ol>\n<p>U pojedinim slu\u010dajevima mo\u017ee se dogoditi da ne mo\u017eemo poslati jedan od naru\u010denih proizvoda jer je rasprodan, zbog \u010dega vas molimo za razumijevanje. Vjerujemo da \u0107ete u na\u0161oj bogatoj ponudi prona\u0107i sli\u010dan proizvod kojim \u0107ete biti jednako zadovoljni.<\/p>\n<ol start=\"10\">\n<li>\n<h2><strong> Povjerljivost i za\u0161tita osobnih podataka<\/strong><\/h2>\n<\/li>\n<\/ol>\n<p>Preberite si ve\u010d o na\u0161i <a href=\"https:\/\/www.ibeauty.expert\/hr\/sigurnost-osobnih-podataka\/\"><strong>politiki varovanja osebnih podatkov<\/strong><\/a>.<\/p>\n<ol start=\"11\">\n<li>\n<h2>Autorska prava<\/h2>\n<\/li>\n<\/ol>\n<p>Sva prava su pridr\u017eana. Zabranjeno je mijenjati, kopirati, distribuirati, emitirati, prikazivati, izvoditi, reproducirati, objavljivati, licencirati, stvarati izvedenice, prenositi ili prodavati bilo koje podatke, softver, proizvode ili usluge koji su dio internetske trgovine, osim u slu\u010daju izri\u010ditog i pisanog odobrenje stranice tvrtke.<\/p>\n<p>Sav sadr\u017eaj online stranice za\u0161ti\u0107en je autorskim pravima. Sadr\u017eaji (registrirane i neregistrirane robne marke, tekstovi, slike i ostalo) i sva programska oprema vlasni\u0161tvo su tvrtke.<\/p>\n<ol start=\"12\">\n<li>\n<h2><strong> Pritu\u017ebe<\/strong><\/h2>\n<\/li>\n<\/ol>\n<p>Kupac mo\u017ee poslati pisanu pritu\u017ebu na adresu TRIMU\u017dIJAT Trgovina in zastopanje d.o.o., Orehovlje 2A, 5291 Miren. Postupak postupanja s pritu\u017ebama je povjerljiv. Ako tvrtka ne prihvati prigovor kupca, obavijestit \u0107e ga o razlozima odbijanja prigovora i uputiti na mogu\u0107nosti daljnjeg rje\u0161avanja spora pred nadle\u017enim sudom prema prebivali\u0161tu\/sjedi\u0161tu tu\u017eenika.<\/p>\n<ol start=\"13\">\n<li>\n<h2><strong> Zavr\u0161ne odredbe <\/strong><\/h2>\n<\/li>\n<\/ol>\n<p>Tvrtka smije prema vlastitom naho\u0111enju u bilo koje vrijeme promijeniti ove uvjete. Tvrtka \u0107e obavijestiti korisnike o promjenama uvjeta na pouzdan na\u010din (objavom na online stranici). Smatra se da je korisnik suglasan s promjenama ovih uvjeta, ako nakon objave promjena nastavi s uporabom online trgovin.<\/p>\n<p>Ovi su uvjeti na snazi od 1.3.2022. godine.<\/p>\n\t\t\t\t\t\t\t\t<\/div>\n\t\t\t\t<\/div>\n\t\t\t\t<div class=\"elementor-element elementor-element-e45783e elementor-widget-divider--view-line elementor-widget elementor-widget-divider\" data-id=\"e45783e\" data-element_type=\"widget\" data-e-type=\"widget\" data-widget_type=\"divider.default\">\n\t\t\t\t<div class=\"elementor-widget-container\">\n\t\t\t\t\t\t\t<div class=\"elementor-divider\">\n\t\t\t<span class=\"elementor-divider-separator\">\n\t\t\t\t\t\t<\/span>\n\t\t<\/div>\n\t\t\t\t\t\t<\/div>\n\t\t\t\t<\/div>\n\t\t\t\t\t<\/div>\n\t\t<\/div>\n\t\t\t\t\t<\/div>\n\t\t<\/section>\n\t\t\t\t<section class=\"elementor-section elementor-top-section elementor-element elementor-element-b997b7e elementor-section-boxed elementor-section-height-default elementor-section-height-default\" data-id=\"b997b7e\" data-element_type=\"section\" data-e-type=\"section\">\n\t\t\t\t\t\t<div class=\"elementor-container elementor-column-gap-default\">\n\t\t\t\t\t<div class=\"elementor-column elementor-col-100 elementor-top-column elementor-element elementor-element-f052a18\" data-id=\"f052a18\" data-element_type=\"column\" data-e-type=\"column\">\n\t\t\t<div class=\"elementor-widget-wrap elementor-element-populated\">\n\t\t\t\t\t\t<div class=\"elementor-element elementor-element-c658871 elementor-widget elementor-widget-text-editor\" data-id=\"c658871\" data-element_type=\"widget\" data-e-type=\"widget\" data-widget_type=\"text-editor.default\">\n\t\t\t\t<div class=\"elementor-widget-container\">\n\t\t\t\t\t\t\t\t\t<h2><strong>Op\u0107i uvjeti uporabe online stranice www.negujlase.si<\/strong><\/h2>\n<ol>\n<li>\n<h3><strong> Uvod<\/strong><\/h3>\n<\/li>\n<\/ol>\n<p>\u00a0Online stranica je, u svrhu ove obavijesti, pojam koji obuhva\u0107a sve stranice na adresi \u00a0<a href=\"https:\/\/www.ibeauty.expert\/hr\/\">www.negujlase.si<\/a><\/p>\n<ol start=\"2\">\n<li>\n<h3><strong> Sadr\u017eaj online stranice<\/strong><\/h3>\n<\/li>\n<\/ol>\n<p>TVRTKA se obvezuje da \u0107e u\u010diniti sve \u0161to je u njezinoj mo\u0107i da podaci na online stranici budu istiniti, pouzdani i kvalitetni. Me\u0111utim, ne odgovara na mogu\u0107e tipkarske gre\u0161ke, ka\u0161njenja i nedostatke pri unosu a\u017eurnih podataka.<\/p>\n<ol start=\"3\">\n<li>\n<h3><strong> Za\u0161tita autorskih prava <\/strong><\/h3>\n<\/li>\n<\/ol>\n<p>Sva prava su pridr\u017eana. Zabranjeno je mijenjati, kopirati, distribuirati, emitirati, prikazivati, izvoditi, reproducirati, objavljivati, licencirati, stvarati izvedenice, prenositi ili prodavati bilo koje podatke, softver, proizvode ili usluge koji su dio online trgovine, osim u slu\u010daju izri\u010ditog i pisanog odobrenje stranice tvrtke.<\/p>\n<p>Sav sadr\u017eaj online stranice za\u0161ti\u0107en je autorskim pravima. Sadr\u017eaji (registrirane i neregistrirane robne marke, tekstovi, slike i ostalo) i sva programska oprema vlasni\u0161tvo su tvrtke<\/p>\n<ol start=\"4\">\n<li>\n<h3><strong> Promjena uvjeta<\/strong><\/h3>\n<\/li>\n<\/ol>\n<p>TVRTKA pridr\u017eava pravo na promjenu op\u0107ih uvjeta bez prethodne obavijesti. Promjene stupaju na snagu na dan objave. Zbog ovih prava pa\u017eljivo pro\u010ditajte uvjete kori\u0161tenja, uvjete poslovanja e-trgovine i politiku privatnosti e-trgovine svaki put kada posjetite na\u0161u online stranicu.<\/p>\n<ol start=\"5\">\n<li>\n<h3><strong> Nadle\u017eni sud <\/strong><\/h3>\n<\/li>\n<\/ol>\n<p>Za tuma\u010denje i sva pravna pitanja vezana uz kori\u0161tenje materijala objavljenih na ovim online stranicama koristi se isklju\u010divo slovensko pravo. Za zahtjeve u vezi s autorskim pravima nadle\u017ean je sud u Ljubljani. <\/p>\n<ol start=\"6\">\n<li>\n<h3><strong> Zavr\u0161etak<\/strong><\/h3>\n<\/li>\n<\/ol>\n<p>Pristupom online stranici suglasni ste da ste upoznati i sla\u017eete se sa svim gore navedenim uvjetima.<\/p>\n<p>\u017delimo vam ugodno razgledavanje!<\/p>\n\t\t\t\t\t\t\t\t<\/div>\n\t\t\t\t<\/div>\n\t\t\t\t\t<\/div>\n\t\t<\/div>\n\t\t\t\t\t<\/div>\n\t\t<\/section>\n\t\t\t\t<\/div>\n\t\t","protected":false},"excerpt":{"rendered":"<p>Op\u0107i uvjeti poslovanja Op\u0107e informacije Uvjeti poslovanja za ovu online trgovinu www.negujlase.si (u daljnjem tekstu: online trgovina) definiraju uvjete poslovanja online trgovine u vezi s kupovinom i prodajom robe na daljinu, \u0161to izvodi tvrtka TRIMU\u017dIJAT Trgovina in zastopanje d.o.o., Orehovlje 2A, 5291 Miren, mati\u010dni broj:&#8230;<\/p>\n","protected":false},"author":1,"featured_media":0,"parent":0,"menu_order":0,"comment_status":"closed","ping_status":"closed","template":"","meta":{"_seopress_robots_primary_cat":"","_seopress_titles_title":"","_seopress_titles_desc":"","_seopress_robots_index":"","footnotes":""},"class_list":["post-7931","page","type-page","status-publish","hentry"],"_links":{"self":[{"href":"https:\/\/www.ibeauty.expert\/hr\/wp-json\/wp\/v2\/pages\/7931","targetHints":{"allow":["GET"]}}],"collection":[{"href":"https:\/\/www.ibeauty.expert\/hr\/wp-json\/wp\/v2\/pages"}],"about":[{"href":"https:\/\/www.ibeauty.expert\/hr\/wp-json\/wp\/v2\/types\/page"}],"author":[{"embeddable":true,"href":"https:\/\/www.ibeauty.expert\/hr\/wp-json\/wp\/v2\/users\/1"}],"replies":[{"embeddable":true,"href":"https:\/\/www.ibeauty.expert\/hr\/wp-json\/wp\/v2\/comments?post=7931"}],"version-history":[{"count":3,"href":"https:\/\/www.ibeauty.expert\/hr\/wp-json\/wp\/v2\/pages\/7931\/revisions"}],"predecessor-version":[{"id":8610,"href":"https:\/\/www.ibeauty.expert\/hr\/wp-json\/wp\/v2\/pages\/7931\/revisions\/8610"}],"wp:attachment":[{"href":"https:\/\/www.ibeauty.expert\/hr\/wp-json\/wp\/v2\/media?parent=7931"}],"curies":[{"name":"wp","href":"https:\/\/api.w.org\/{rel}","templated":true}]}}