{"id":7983,"date":"2025-02-05T10:37:49","date_gmt":"2025-02-05T09:37:49","guid":{"rendered":"https:\/\/www.ibeauty.expert\/pravilnik-za-povrat-i-vracanje\/"},"modified":"2025-02-05T10:37:50","modified_gmt":"2025-02-05T09:37:50","slug":"pravilnik-za-povrat-i-vracanje","status":"publish","type":"page","link":"https:\/\/www.ibeauty.expert\/hr\/pravilnik-za-povrat-i-vracanje\/","title":{"rendered":"Pravilnik za povrat i vra\u0107anje"},"content":{"rendered":"\n<p><b>Ovo je ogledna stranica.<\/b><\/p>\n\n<h3>Overview<\/h3>\n\n<p>Na\u0161a politika povrata traje 30 dana. Ako je od va\u0161e kupovine proteklo 30 dana, ne mo\u017eemo ponuditi cjelokupni povrat ili zamjenu.<\/p>\n\n<p>Kako biste dobili pravo na povrat, proizvod treba biti neiskori\u0161ten i u istom stanju u kojem ste ga primili. Tako\u0111er, mora biti u originalnoj ambala\u017ei.<\/p>\n\n<p>Odre\u0111ene vrste robe su izuzete iz povrata. Roba koja se brzo kvari, poput hrane, cvije\u0107a, \u010dasopisa ilil revija, nije mogu\u0107e vratiti. Osim toga, ne primamo proizvode koji predstavljaju intimnu ili sanitarnu robu, opasne materijale, zapaljive teku\u0107ine ili plinove.<\/p>\n\n<p>Dodatni proizvodi, koje nije mogu\u0107e vratiti:<\/p>\n\n<ul class=\"wp-block-list\">\n<li>Darovne kartice<\/li>\n<li>Programske proizvode koje nije mogu\u0107e prenijeti<\/li>\n<li>Odre\u0111eni proizvodi za zdravlje i osobnu njegu<\/li>\n<\/ul>\n\n<p>Za dovr\u0161avanje povrata trebamo ra\u010dun ili dokaz o kupovini.<\/p>\n\n<p>Kupljeni proizvod ne \u0161aljite natrag proizvo\u0111a\u010du.<\/p>\n\n<p>U odre\u0111enim slu\u010dajevima bit \u0107e odobren djelomi\u010dni povrat:<\/p>\n\n<ul class=\"wp-block-list\">\n<li>Knjiga s o\u010ditim znakovima uporabe<\/li>\n<li>CD, DVD, VHS kazeta, programska oprema, video igra, kazeta ili vinilna plo\u010da, koja je bila otvorena.<\/li>\n<li>Svaki proizvod, koji nije u originalnom stanju, o\u0161te\u0107en je ili mu nedostaju dijelovi iz razloga koji nisu posljedica na\u0161e pogre\u0161ke.<\/li>\n<li>Svaki proizvod koji je vra\u0107en vi\u0161e od 30 dana nakon dostave<\/li>\n<\/ul>\n\n<h2>Povrat<\/h2>\n\n<p>Nakon primitka i pregleda va\u0161eg vra\u0107enog proizvoda poslat \u0107emo vam poruku e-po\u0161te kojom \u0107emo vas obavijestiti da smo primili va\u0161 vra\u0107eni proizvod. Obavijestit \u0107emo vas o odobrenju ili odbijanju povrata.<\/p>\n\n<p>Ako je va\u0161 povrat odobren, bit \u0107e obra\u0111en, a na va\u0161u kreditnu karticu ili izvorni na\u010din pla\u0107anja \u0107e unutar odre\u0111enog broja dana biti automatski prenesena sredstva.<\/p>\n\n<b>Late or missing refunds<\/b>\n\n<p>Ako jo\u0161 niste primili povrat, najprije provjerite svoj bankovni ra\u010dun.<\/p>\n\n<p>Zatim se obratite tvrtki koja je izdala kreditnu karticu jer mo\u017ee potrajati nekoliko dana do knji\u017eenja sredstava.<\/p>\n\n<p>Zatim se obratite svojoj banci. \u010cesto je potrebno du\u017ee vrijeme za knji\u017eenje povrata.<\/p>\n\n<p>Ako ste sve to u\u010dinili, a jo\u0161 uvijek niste primili povrat sredstava, obratite nam se na {email address}.<\/p>\n\n<b>Sale items<\/b>\n\n<p>Povrat je mogu\u0107 samo za proizvode s redovnim cijenama. Proizvode na rasprodaji nije mogu\u0107e vratiti.<\/p>\n\n<h2>Zamjena<\/h2>\n\n<p>Proizvode mijenjamo samo ako su pokvareni ili o\u0161te\u0107eni. Ako ga \u017eelite zamijeniti za jednak proizvod, po\u0161aljite nam poruku e-po\u0161te na {email address} i po\u0161aljite svoj proizvod na adresu: Po\u0161aljite svoj proizvod na adresu: {physical address}.<\/p>\n\n<h2>Darovi<\/h2>\n\n<p>Ako je proizvod ozna\u010den kao dar prilikom kupovine i poslan neposredno vama, primit \u0107ete kredit u vrijednosti vra\u0107enog proizvoda. Kada primite vra\u0107eni proizvod, poslat \u0107emo vam poklon bon putem po\u0161te.<\/p>\n\n<p>Ako proizvod prilikom kupovine nije bio ozna\u010den kao dar ili ga je primatelj narud\u017ebe poslao sebi da bi ga kasnije darovao vama, primatelju \u0107emo poslati povrat, a on \u0107e izvesti vra\u0107anje.<\/p>\n\n<h2>Vra\u0107anje po\u0161iljke<\/h2>\n\n<p>Ako \u017eelite vratiti proizvod, po\u0161aljite ga na adresu: Isporu\u010dite va\u0161 proizvod: {physical address}.<\/p>\n\n<p>Za vra\u0107anje proizvoda morat \u0107ete sami pla\u0107ati tro\u0161kove slanja. Tro\u0161kovi slanja se ne vra\u0107aju. Ako primite povrat, tro\u0161ak povratne dostave bit \u0107e odbijen od povrata.<\/p>\n\n<p>Ovisno o tome gdje \u017eivite, mo\u017ee pro\u0107i odre\u0111eno vrijeme dok zamjenski proizvod ne stigne do vas.<\/p>\n\n<p>Ako vra\u0107ate skupe proizvode, razmislite o uporabi usluge za slanje po\u0161iljki ili kupovini osiguranja po\u0161iljke. Ne jam\u010dimo da \u0107emo primiti va\u0161 proizvod.<\/p>\n\n<h2>Trebate pomo\u0107?<\/h2>\n\n<p>Za upite u vezi s povratom kontaktirajte nas na {email}.<\/p>\n","protected":false},"excerpt":{"rendered":"<p>Ovo je ogledna stranica. Overview Na\u0161a politika povrata traje 30 dana. Ako je od va\u0161e kupovine proteklo 30 dana, ne mo\u017eemo ponuditi cjelokupni povrat ili zamjenu. Kako biste dobili pravo na povrat, proizvod treba biti neiskori\u0161ten i u istom stanju u kojem ste ga primili&#8230;.<\/p>\n","protected":false},"author":1,"featured_media":0,"parent":0,"menu_order":0,"comment_status":"closed","ping_status":"closed","template":"","meta":{"_seopress_robots_primary_cat":"","_seopress_titles_title":"","_seopress_titles_desc":"","_seopress_robots_index":"","footnotes":""},"class_list":["post-7983","page","type-page","status-publish","hentry"],"_links":{"self":[{"href":"https:\/\/www.ibeauty.expert\/hr\/wp-json\/wp\/v2\/pages\/7983","targetHints":{"allow":["GET"]}}],"collection":[{"href":"https:\/\/www.ibeauty.expert\/hr\/wp-json\/wp\/v2\/pages"}],"about":[{"href":"https:\/\/www.ibeauty.expert\/hr\/wp-json\/wp\/v2\/types\/page"}],"author":[{"embeddable":true,"href":"https:\/\/www.ibeauty.expert\/hr\/wp-json\/wp\/v2\/users\/1"}],"replies":[{"embeddable":true,"href":"https:\/\/www.ibeauty.expert\/hr\/wp-json\/wp\/v2\/comments?post=7983"}],"version-history":[{"count":1,"href":"https:\/\/www.ibeauty.expert\/hr\/wp-json\/wp\/v2\/pages\/7983\/revisions"}],"predecessor-version":[{"id":7985,"href":"https:\/\/www.ibeauty.expert\/hr\/wp-json\/wp\/v2\/pages\/7983\/revisions\/7985"}],"wp:attachment":[{"href":"https:\/\/www.ibeauty.expert\/hr\/wp-json\/wp\/v2\/media?parent=7983"}],"curies":[{"name":"wp","href":"https:\/\/api.w.org\/{rel}","templated":true}]}}