{"id":8134,"date":"2022-11-28T11:38:21","date_gmt":"2022-11-28T10:38:21","guid":{"rendered":"https:\/\/www.ibeauty.expert\/Bez%20kategorije\/solfine-coloured-hair-conditioner-1000-ml\/"},"modified":"2025-02-17T14:11:11","modified_gmt":"2025-02-17T13:11:11","slug":"solfine-coloured-hair-conditioner-1000-ml","status":"publish","type":"product","link":"https:\/\/www.ibeauty.expert\/hr\/kozmetika-za-kosu\/solfine-coloured-hair-conditioner-1000-ml\/","title":{"rendered":"Solfine Coloured Hair Conditioner 1000 ml"},"content":{"rendered":"","protected":false},"excerpt":{"rendered":"<h2>Regenerator za obojenu kosu<\/h2>\n<p>Vla\u017ei kosu, olak\u0161ava ra\u0161\u010de\u0161ljavanje, daje joj sjaj i meko\u0107u: poja\u010dava i \u0161titi ljepotu boje produ\u017euju\u0107i njezino trajanje.<\/p>\n<p><strong>Upotreba:<\/strong> nanijeti na oprane i ru\u010dnikom osu\u0161ene duljine i krajeve. Po\u010de\u0161ljajti da se rasporedi i ostaviti da djeluje 3-5 minuta.<\/p>\n","protected":false},"featured_media":8135,"comment_status":"open","ping_status":"closed","template":"","meta":{"_seopress_robots_primary_cat":"","_seopress_titles_title":"","_seopress_titles_desc":"","_seopress_robots_index":""},"etheme_brands":[],"product_brand":[],"product_cat":[773],"product_tag":[],"class_list":{"0":"post-8134","1":"product","2":"type-product","3":"status-publish","4":"has-post-thumbnail","6":"product_cat-kozmetika-za-kosu","8":"first","9":"instock","10":"taxable","11":"shipping-taxable","12":"purchasable","13":"product-type-simple"},"_links":{"self":[{"href":"https:\/\/www.ibeauty.expert\/hr\/wp-json\/wp\/v2\/product\/8134","targetHints":{"allow":["GET"]}}],"collection":[{"href":"https:\/\/www.ibeauty.expert\/hr\/wp-json\/wp\/v2\/product"}],"about":[{"href":"https:\/\/www.ibeauty.expert\/hr\/wp-json\/wp\/v2\/types\/product"}],"replies":[{"embeddable":true,"href":"https:\/\/www.ibeauty.expert\/hr\/wp-json\/wp\/v2\/comments?post=8134"}],"wp:featuredmedia":[{"embeddable":true,"href":"https:\/\/www.ibeauty.expert\/hr\/wp-json\/wp\/v2\/media\/8135"}],"wp:attachment":[{"href":"https:\/\/www.ibeauty.expert\/hr\/wp-json\/wp\/v2\/media?parent=8134"}],"wp:term":[{"taxonomy":"brand","embeddable":true,"href":"https:\/\/www.ibeauty.expert\/hr\/wp-json\/wp\/v2\/etheme_brands?post=8134"},{"taxonomy":"product_brand","embeddable":true,"href":"https:\/\/www.ibeauty.expert\/hr\/wp-json\/wp\/v2\/product_brand?post=8134"},{"taxonomy":"product_cat","embeddable":true,"href":"https:\/\/www.ibeauty.expert\/hr\/wp-json\/wp\/v2\/product_cat?post=8134"},{"taxonomy":"product_tag","embeddable":true,"href":"https:\/\/www.ibeauty.expert\/hr\/wp-json\/wp\/v2\/product_tag?post=8134"}],"curies":[{"name":"wp","href":"https:\/\/api.w.org\/{rel}","templated":true}]}}