{"id":8138,"date":"2022-11-28T11:34:11","date_gmt":"2022-11-28T10:34:11","guid":{"rendered":"https:\/\/www.ibeauty.expert\/Bez%20kategorije\/solfine-damaged-hair-shampoo-1000-ml\/"},"modified":"2025-02-17T14:15:20","modified_gmt":"2025-02-17T13:15:20","slug":"solfine-damaged-hair-shampoo-1000-ml","status":"publish","type":"product","link":"https:\/\/www.ibeauty.expert\/hr\/nekategorizirano-hr\/solfine-damaged-hair-shampoo-1000-ml\/","title":{"rendered":"Solfine Damaged Hair Shampoo 1000 ml"},"content":{"rendered":"","protected":false},"excerpt":{"rendered":"<h2>\u0160ampon za o\u0161te\u0107enu kosu<\/h2>\n<p>Osigurava nje\u017eno \u010di\u0161\u0107enje njeguju\u0107i i ja\u010daju\u0107i vlakno kose. Kosu ostavlja sjajnom, ujedna\u010denom i punom.<\/p>\n<p><strong>Upotreba:<\/strong> nakon navla\u017eenja kose ravnomjerno rasporediti na tjeme i masirati 1-2 minute. Temeljito isprati i ponoviti ako je potrebno.<\/p>\n","protected":false},"featured_media":8139,"comment_status":"open","ping_status":"closed","template":"","meta":{"_seopress_robots_primary_cat":"","_seopress_titles_title":"","_seopress_titles_desc":"","_seopress_robots_index":""},"etheme_brands":[],"product_brand":[],"product_cat":[769],"product_tag":[],"class_list":{"0":"post-8138","1":"product","2":"type-product","3":"status-publish","4":"has-post-thumbnail","6":"product_cat-nekategorizirano-hr","8":"first","9":"instock","10":"taxable","11":"shipping-taxable","12":"purchasable","13":"product-type-simple"},"_links":{"self":[{"href":"https:\/\/www.ibeauty.expert\/hr\/wp-json\/wp\/v2\/product\/8138","targetHints":{"allow":["GET"]}}],"collection":[{"href":"https:\/\/www.ibeauty.expert\/hr\/wp-json\/wp\/v2\/product"}],"about":[{"href":"https:\/\/www.ibeauty.expert\/hr\/wp-json\/wp\/v2\/types\/product"}],"replies":[{"embeddable":true,"href":"https:\/\/www.ibeauty.expert\/hr\/wp-json\/wp\/v2\/comments?post=8138"}],"wp:featuredmedia":[{"embeddable":true,"href":"https:\/\/www.ibeauty.expert\/hr\/wp-json\/wp\/v2\/media\/8139"}],"wp:attachment":[{"href":"https:\/\/www.ibeauty.expert\/hr\/wp-json\/wp\/v2\/media?parent=8138"}],"wp:term":[{"taxonomy":"brand","embeddable":true,"href":"https:\/\/www.ibeauty.expert\/hr\/wp-json\/wp\/v2\/etheme_brands?post=8138"},{"taxonomy":"product_brand","embeddable":true,"href":"https:\/\/www.ibeauty.expert\/hr\/wp-json\/wp\/v2\/product_brand?post=8138"},{"taxonomy":"product_cat","embeddable":true,"href":"https:\/\/www.ibeauty.expert\/hr\/wp-json\/wp\/v2\/product_cat?post=8138"},{"taxonomy":"product_tag","embeddable":true,"href":"https:\/\/www.ibeauty.expert\/hr\/wp-json\/wp\/v2\/product_tag?post=8138"}],"curies":[{"name":"wp","href":"https:\/\/api.w.org\/{rel}","templated":true}]}}