{"id":8142,"date":"2022-03-17T12:49:11","date_gmt":"2022-03-17T11:49:11","guid":{"rendered":"https:\/\/www.ibeauty.expert\/Bez%20kategorije\/solfine-damaged-hair-deep-treatment-200-ml\/"},"modified":"2025-02-17T14:22:17","modified_gmt":"2025-02-17T13:22:17","slug":"solfine-damaged-hair-deep-treatment-200-ml","status":"publish","type":"product","link":"https:\/\/www.ibeauty.expert\/hr\/kozmetika-za-kosu\/solfine-damaged-hair-deep-treatment-200-ml\/","title":{"rendered":"Solfine Damaged Hair Deep Treatment 200 ml"},"content":{"rendered":"","protected":false},"excerpt":{"rendered":"<h2>Dubinski tretman za o\u0161te\u0107enu kosu<\/h2>\n<p>Rastavlja, hrani i popravlja o\u0161te\u0107ene duljine, daju\u0107i svilenkasti dodir i progresivno zdravlji izgled.<\/p>\n<p><strong>Upotreba:<\/strong> nanijeti na oprane i ru\u010dnikom osu\u0161ene duljine i krajeve. Po\u010de\u0161ljati da se rasporedi i ostaviti da djeluje 5-10 minuta, a zatim temeljito isprati i osu\u0161iti. Zavr\u0161iti tretman parom Damaged Hair Leave-in Treatment koji se nanosi na o\u0161te\u0107enu kosu na duljinama i vrhovima; rasporediti \u010de\u0161ljanjem i nastaviti sa su\u0161enjem.<\/p>\n","protected":false},"featured_media":8143,"comment_status":"open","ping_status":"closed","template":"","meta":{"_seopress_robots_primary_cat":"","_seopress_titles_title":"","_seopress_titles_desc":"","_seopress_robots_index":""},"etheme_brands":[],"product_brand":[],"product_cat":[773],"product_tag":[],"class_list":{"0":"post-8142","1":"product","2":"type-product","3":"status-publish","4":"has-post-thumbnail","6":"product_cat-kozmetika-za-kosu","8":"first","9":"instock","10":"taxable","11":"shipping-taxable","12":"purchasable","13":"product-type-simple"},"_links":{"self":[{"href":"https:\/\/www.ibeauty.expert\/hr\/wp-json\/wp\/v2\/product\/8142","targetHints":{"allow":["GET"]}}],"collection":[{"href":"https:\/\/www.ibeauty.expert\/hr\/wp-json\/wp\/v2\/product"}],"about":[{"href":"https:\/\/www.ibeauty.expert\/hr\/wp-json\/wp\/v2\/types\/product"}],"replies":[{"embeddable":true,"href":"https:\/\/www.ibeauty.expert\/hr\/wp-json\/wp\/v2\/comments?post=8142"}],"wp:featuredmedia":[{"embeddable":true,"href":"https:\/\/www.ibeauty.expert\/hr\/wp-json\/wp\/v2\/media\/8143"}],"wp:attachment":[{"href":"https:\/\/www.ibeauty.expert\/hr\/wp-json\/wp\/v2\/media?parent=8142"}],"wp:term":[{"taxonomy":"brand","embeddable":true,"href":"https:\/\/www.ibeauty.expert\/hr\/wp-json\/wp\/v2\/etheme_brands?post=8142"},{"taxonomy":"product_brand","embeddable":true,"href":"https:\/\/www.ibeauty.expert\/hr\/wp-json\/wp\/v2\/product_brand?post=8142"},{"taxonomy":"product_cat","embeddable":true,"href":"https:\/\/www.ibeauty.expert\/hr\/wp-json\/wp\/v2\/product_cat?post=8142"},{"taxonomy":"product_tag","embeddable":true,"href":"https:\/\/www.ibeauty.expert\/hr\/wp-json\/wp\/v2\/product_tag?post=8142"}],"curies":[{"name":"wp","href":"https:\/\/api.w.org\/{rel}","templated":true}]}}