{"id":8145,"date":"2022-03-17T12:52:13","date_gmt":"2022-03-17T11:52:13","guid":{"rendered":"https:\/\/www.ibeauty.expert\/Bez kategorije\/solfine-damaged-hair-leave-in-treatment-250-ml\/"},"modified":"2022-03-17T12:52:13","modified_gmt":"2022-03-17T11:52:13","slug":"solfine-damaged-hair-leave-in-treatment-250-ml","status":"publish","type":"product","link":"https:\/\/www.ibeauty.expert\/hr\/kozmetika-za-kosu\/solfine-damaged-hair-leave-in-treatment-250-ml\/","title":{"rendered":"Solfine Damaged Hair Leave-in Treatment 250 ml"},"content":{"rendered":"","protected":false},"excerpt":{"rendered":"<h2>Tretman za o\u0161te\u0107enu kosu (bez ispiranja)<\/h2>\n<p>Dvofazni tretman, bez ispiranja, s velikom snagom restrukturiranja, zatvaranja kutikule i discipliniranja. Raspetljava i \u0161titi najo\u0161te\u0107enija podru\u010dja kose, \u010dine\u0107i ih svilenkastim i kompaktnima. Koristi se prije su\u0161enja ili na suhoj kosi, kao pokret za svakodnevnu za\u0161titu i odr\u017eavanje.<\/p>\n<p><strong>Upotreba:<\/strong> protresti bo\u010dicu da se dvije faze pomije\u0161aju i poprskati na vla\u017enu (prije su\u0161enja) ili suhe (svakodnevno odr\u017eavanje) duljine i krajeve.<\/p>\n","protected":false},"featured_media":8146,"comment_status":"open","ping_status":"closed","template":"","meta":{"_seopress_robots_primary_cat":"","_seopress_titles_title":"","_seopress_titles_desc":"","_seopress_robots_index":""},"etheme_brands":[],"product_brand":[],"product_cat":[773],"product_tag":[],"class_list":{"0":"post-8145","1":"product","2":"type-product","3":"status-publish","4":"has-post-thumbnail","6":"product_cat-kozmetika-za-kosu","8":"first","9":"instock","10":"taxable","11":"shipping-taxable","12":"purchasable","13":"product-type-simple"},"_links":{"self":[{"href":"https:\/\/www.ibeauty.expert\/hr\/wp-json\/wp\/v2\/product\/8145","targetHints":{"allow":["GET"]}}],"collection":[{"href":"https:\/\/www.ibeauty.expert\/hr\/wp-json\/wp\/v2\/product"}],"about":[{"href":"https:\/\/www.ibeauty.expert\/hr\/wp-json\/wp\/v2\/types\/product"}],"replies":[{"embeddable":true,"href":"https:\/\/www.ibeauty.expert\/hr\/wp-json\/wp\/v2\/comments?post=8145"}],"wp:featuredmedia":[{"embeddable":true,"href":"https:\/\/www.ibeauty.expert\/hr\/wp-json\/wp\/v2\/media\/8146"}],"wp:attachment":[{"href":"https:\/\/www.ibeauty.expert\/hr\/wp-json\/wp\/v2\/media?parent=8145"}],"wp:term":[{"taxonomy":"brand","embeddable":true,"href":"https:\/\/www.ibeauty.expert\/hr\/wp-json\/wp\/v2\/etheme_brands?post=8145"},{"taxonomy":"product_brand","embeddable":true,"href":"https:\/\/www.ibeauty.expert\/hr\/wp-json\/wp\/v2\/product_brand?post=8145"},{"taxonomy":"product_cat","embeddable":true,"href":"https:\/\/www.ibeauty.expert\/hr\/wp-json\/wp\/v2\/product_cat?post=8145"},{"taxonomy":"product_tag","embeddable":true,"href":"https:\/\/www.ibeauty.expert\/hr\/wp-json\/wp\/v2\/product_tag?post=8145"}],"curies":[{"name":"wp","href":"https:\/\/api.w.org\/{rel}","templated":true}]}}