{"id":8149,"date":"2022-08-19T17:13:15","date_gmt":"2022-08-19T15:13:15","guid":{"rendered":"https:\/\/www.ibeauty.expert\/Bez%20kategorije\/solfine-frizzy-hair-conditioner-1000-ml\/"},"modified":"2025-02-17T14:59:02","modified_gmt":"2025-02-17T13:59:02","slug":"solfine-frizzy-hair-conditioner-1000-ml","status":"publish","type":"product","link":"https:\/\/www.ibeauty.expert\/hr\/kozmetika-za-kosu\/solfine-frizzy-hair-conditioner-1000-ml\/","title":{"rendered":"Solfine Frizzy Hair Conditioner 1000 ml"},"content":{"rendered":"","protected":false},"excerpt":{"rendered":"<h2>Regenerator za kovr\u010davu, suhu ili nediscipliniranu kosu<\/h2>\n<p>Pru\u017ea hidrataciju, raspetljavanje, meko\u0107u i kontrolu kovr\u010davosti kose.<\/p>\n<p>Idealno za olak\u0161avanje glatkog oblikovanja ili za produ\u017eenje usluga gla\u010danja.<\/p>\n<p><strong>Upotreba:<\/strong> nanijeti na oprane i ru\u010dnikom osu\u0161ene duljine i krajeve. Po\u010de\u0161ljati da se rasporedi i ostaviti da djeluje 3-2 minuta. Temeljito isprati i nastaviti sa su\u0161enjem.<\/p>\n","protected":false},"featured_media":6271,"comment_status":"open","ping_status":"closed","template":"","meta":{"_seopress_robots_primary_cat":"","_seopress_titles_title":"","_seopress_titles_desc":"","_seopress_robots_index":""},"etheme_brands":[],"product_brand":[],"product_cat":[773],"product_tag":[],"class_list":{"0":"post-8149","1":"product","2":"type-product","3":"status-publish","4":"has-post-thumbnail","6":"product_cat-kozmetika-za-kosu","8":"first","9":"instock","10":"taxable","11":"shipping-taxable","12":"purchasable","13":"product-type-simple"},"_links":{"self":[{"href":"https:\/\/www.ibeauty.expert\/hr\/wp-json\/wp\/v2\/product\/8149","targetHints":{"allow":["GET"]}}],"collection":[{"href":"https:\/\/www.ibeauty.expert\/hr\/wp-json\/wp\/v2\/product"}],"about":[{"href":"https:\/\/www.ibeauty.expert\/hr\/wp-json\/wp\/v2\/types\/product"}],"replies":[{"embeddable":true,"href":"https:\/\/www.ibeauty.expert\/hr\/wp-json\/wp\/v2\/comments?post=8149"}],"wp:featuredmedia":[{"embeddable":true,"href":"https:\/\/www.ibeauty.expert\/hr\/wp-json\/wp\/v2\/media\/6271"}],"wp:attachment":[{"href":"https:\/\/www.ibeauty.expert\/hr\/wp-json\/wp\/v2\/media?parent=8149"}],"wp:term":[{"taxonomy":"brand","embeddable":true,"href":"https:\/\/www.ibeauty.expert\/hr\/wp-json\/wp\/v2\/etheme_brands?post=8149"},{"taxonomy":"product_brand","embeddable":true,"href":"https:\/\/www.ibeauty.expert\/hr\/wp-json\/wp\/v2\/product_brand?post=8149"},{"taxonomy":"product_cat","embeddable":true,"href":"https:\/\/www.ibeauty.expert\/hr\/wp-json\/wp\/v2\/product_cat?post=8149"},{"taxonomy":"product_tag","embeddable":true,"href":"https:\/\/www.ibeauty.expert\/hr\/wp-json\/wp\/v2\/product_tag?post=8149"}],"curies":[{"name":"wp","href":"https:\/\/api.w.org\/{rel}","templated":true}]}}