{"id":8153,"date":"2022-08-19T17:13:10","date_gmt":"2022-08-19T15:13:10","guid":{"rendered":"https:\/\/www.ibeauty.expert\/Bez kategorije\/solfine-daily-shampoo-1000-ml\/"},"modified":"2022-08-19T17:13:10","modified_gmt":"2022-08-19T15:13:10","slug":"solfine-daily-shampoo-1000-ml","status":"publish","type":"product","link":"https:\/\/www.ibeauty.expert\/hr\/nekategorizirano-hr\/solfine-daily-shampoo-1000-ml\/","title":{"rendered":"Solfine Daily Shampoo 1000 ml"},"content":{"rendered":"","protected":false},"excerpt":{"rendered":"<h2>\u0160ampon za \u010destu upotrebu<\/h2>\n<p>Njegovo vrlo nje\u017eno pranje \u010dini ga savr\u0161enim za \u010destu upotrebu. Osigurava vrlo osjetljivo pranje, dok hidratizira i \u0161titi duljine, \u010dine\u0107i ih mekim i lakim za ra\u0161\u010de\u0161ljavanje.<\/p>\n<p><strong>Upotreba<\/strong>: nakon navla\u017eenja kose ravnomjerno rasporediti na tjeme i masirati 1-2 minute. Temeljito isprati i ponoviti ako je potrebno.<\/p>\n","protected":false},"featured_media":7770,"comment_status":"open","ping_status":"closed","template":"","meta":{"_seopress_robots_primary_cat":"","_seopress_titles_title":"","_seopress_titles_desc":"","_seopress_robots_index":""},"etheme_brands":[],"product_brand":[],"product_cat":[769],"product_tag":[],"class_list":{"0":"post-8153","1":"product","2":"type-product","3":"status-publish","4":"has-post-thumbnail","6":"product_cat-nekategorizirano-hr","8":"first","9":"instock","10":"taxable","11":"shipping-taxable","12":"purchasable","13":"product-type-simple"},"_links":{"self":[{"href":"https:\/\/www.ibeauty.expert\/hr\/wp-json\/wp\/v2\/product\/8153","targetHints":{"allow":["GET"]}}],"collection":[{"href":"https:\/\/www.ibeauty.expert\/hr\/wp-json\/wp\/v2\/product"}],"about":[{"href":"https:\/\/www.ibeauty.expert\/hr\/wp-json\/wp\/v2\/types\/product"}],"replies":[{"embeddable":true,"href":"https:\/\/www.ibeauty.expert\/hr\/wp-json\/wp\/v2\/comments?post=8153"}],"wp:featuredmedia":[{"embeddable":true,"href":"https:\/\/www.ibeauty.expert\/hr\/wp-json\/wp\/v2\/media\/7770"}],"wp:attachment":[{"href":"https:\/\/www.ibeauty.expert\/hr\/wp-json\/wp\/v2\/media?parent=8153"}],"wp:term":[{"taxonomy":"brand","embeddable":true,"href":"https:\/\/www.ibeauty.expert\/hr\/wp-json\/wp\/v2\/etheme_brands?post=8153"},{"taxonomy":"product_brand","embeddable":true,"href":"https:\/\/www.ibeauty.expert\/hr\/wp-json\/wp\/v2\/product_brand?post=8153"},{"taxonomy":"product_cat","embeddable":true,"href":"https:\/\/www.ibeauty.expert\/hr\/wp-json\/wp\/v2\/product_cat?post=8153"},{"taxonomy":"product_tag","embeddable":true,"href":"https:\/\/www.ibeauty.expert\/hr\/wp-json\/wp\/v2\/product_tag?post=8153"}],"curies":[{"name":"wp","href":"https:\/\/api.w.org\/{rel}","templated":true}]}}