{"id":8160,"date":"2022-03-17T13:16:46","date_gmt":"2022-03-17T12:16:46","guid":{"rendered":"https:\/\/www.ibeauty.expert\/Bez kategorije\/solfine-anti-dandruff-shampoo-350-ml\/"},"modified":"2022-03-17T13:16:46","modified_gmt":"2022-03-17T12:16:46","slug":"solfine-anti-dandruff-shampoo-350-ml","status":"publish","type":"product","link":"https:\/\/www.ibeauty.expert\/hr\/kozmetika-za-kosu\/solfine-anti-dandruff-shampoo-350-ml\/","title":{"rendered":"Solfine Anti-Dandruff Shampoo 350 ml"},"content":{"rendered":"","protected":false},"excerpt":{"rendered":"<h2>\u0160ampon za masno vlasi\u0161te s peruti<\/h2>\n<p>Dubinski \u010disti provode\u0107i u\u010dinkovito djelovanje pro\u010di\u0161\u0107evanja ko\u017ee koje olak\u0161ava progresivno smanjenje peeruti i poma\u017ee u regulaciji lu\u010denja loja.<\/p>\n<p><strong>Upotreba:<\/strong> navla\u017eite kosu, ravnomjerno nanesite na tjeme i umasirajte. Isperite i ponovite pranje. Ostavite drugi \u0161ampon da djeluje 1-2 minute, zatim emulgirajte i temeljito sperite.<\/p>\n","protected":false},"featured_media":8161,"comment_status":"open","ping_status":"closed","template":"","meta":{"_seopress_robots_primary_cat":"","_seopress_titles_title":"","_seopress_titles_desc":"","_seopress_robots_index":""},"etheme_brands":[],"product_brand":[],"product_cat":[773],"product_tag":[],"class_list":{"0":"post-8160","1":"product","2":"type-product","3":"status-publish","4":"has-post-thumbnail","6":"product_cat-kozmetika-za-kosu","8":"first","9":"instock","10":"taxable","11":"shipping-taxable","12":"purchasable","13":"product-type-simple"},"_links":{"self":[{"href":"https:\/\/www.ibeauty.expert\/hr\/wp-json\/wp\/v2\/product\/8160","targetHints":{"allow":["GET"]}}],"collection":[{"href":"https:\/\/www.ibeauty.expert\/hr\/wp-json\/wp\/v2\/product"}],"about":[{"href":"https:\/\/www.ibeauty.expert\/hr\/wp-json\/wp\/v2\/types\/product"}],"replies":[{"embeddable":true,"href":"https:\/\/www.ibeauty.expert\/hr\/wp-json\/wp\/v2\/comments?post=8160"}],"wp:featuredmedia":[{"embeddable":true,"href":"https:\/\/www.ibeauty.expert\/hr\/wp-json\/wp\/v2\/media\/8161"}],"wp:attachment":[{"href":"https:\/\/www.ibeauty.expert\/hr\/wp-json\/wp\/v2\/media?parent=8160"}],"wp:term":[{"taxonomy":"brand","embeddable":true,"href":"https:\/\/www.ibeauty.expert\/hr\/wp-json\/wp\/v2\/etheme_brands?post=8160"},{"taxonomy":"product_brand","embeddable":true,"href":"https:\/\/www.ibeauty.expert\/hr\/wp-json\/wp\/v2\/product_brand?post=8160"},{"taxonomy":"product_cat","embeddable":true,"href":"https:\/\/www.ibeauty.expert\/hr\/wp-json\/wp\/v2\/product_cat?post=8160"},{"taxonomy":"product_tag","embeddable":true,"href":"https:\/\/www.ibeauty.expert\/hr\/wp-json\/wp\/v2\/product_tag?post=8160"}],"curies":[{"name":"wp","href":"https:\/\/api.w.org\/{rel}","templated":true}]}}