{"id":8166,"date":"2022-09-20T22:20:23","date_gmt":"2022-09-20T20:20:23","guid":{"rendered":"https:\/\/www.ibeauty.expert\/Bez kategorije\/solfine-hair-loss-lotion-12-fl-x-6-ml\/"},"modified":"2022-09-20T22:20:23","modified_gmt":"2022-09-20T20:20:23","slug":"solfine-hair-loss-lotion-12-fl-x-6-ml","status":"publish","type":"product","link":"https:\/\/www.ibeauty.expert\/hr\/nekategorizirano-hr\/solfine-hair-loss-lotion-12-fl-x-6-ml\/","title":{"rendered":"Solfine Hair Loss Lotion &#8211; 12 fl. x 6 ml"},"content":{"rendered":"","protected":false},"excerpt":{"rendered":"<h2>Losion za ja\u010danje kose<\/h2>\n<p>Hrani i tonizira korijen kose, revitalizira vlasi\u0161te i regulira lu\u010denje loja. Idealno u razdobljima poja\u010danog opadanja za ja\u010danje kose u korijenu i poticanje rasta ja\u010de i zdravije kose.<\/p>\n<p><strong>Upotreba:<\/strong> za ve\u0107u u\u010dinovitost i kozmeti\u010dnost tretmana preporu\u010damo nano\u0161enje losiona na \u010disto vlasi\u0161te. Podijelite cijeli sadr\u017eaj bo\u010dice pramen po pramen na tjemenu, koriste\u0107i mlaznicu za aplikator da napravite dijelove. Distribuirajte kap po kap du\u017e dijela, utapkaju\u0107i vrhom prsta. Na kraju nano\u0161enja izvedite energiziraju\u0107u masa\u017eu, kru\u017enim pokretima vrhova prstiju, dok se potpuno ne upije. Nastavite sa stiliziranje kao i obi\u010dno.<\/p>\n<p>U\u010destalost kori\u0161tenja: preporu\u010dujemo primjene svaki dan ili svaki drugi dan tijekom cijelog razdoblja poja\u010danog ispadanja kose. Ponavlja se po potrebi.<\/p>\n","protected":false},"featured_media":6263,"comment_status":"open","ping_status":"closed","template":"","meta":{"_seopress_robots_primary_cat":"","_seopress_titles_title":"","_seopress_titles_desc":"","_seopress_robots_index":""},"etheme_brands":[],"product_brand":[],"product_cat":[769],"product_tag":[],"class_list":{"0":"post-8166","1":"product","2":"type-product","3":"status-publish","4":"has-post-thumbnail","6":"product_cat-nekategorizirano-hr","8":"first","9":"instock","10":"taxable","11":"shipping-taxable","12":"purchasable","13":"product-type-simple"},"_links":{"self":[{"href":"https:\/\/www.ibeauty.expert\/hr\/wp-json\/wp\/v2\/product\/8166","targetHints":{"allow":["GET"]}}],"collection":[{"href":"https:\/\/www.ibeauty.expert\/hr\/wp-json\/wp\/v2\/product"}],"about":[{"href":"https:\/\/www.ibeauty.expert\/hr\/wp-json\/wp\/v2\/types\/product"}],"replies":[{"embeddable":true,"href":"https:\/\/www.ibeauty.expert\/hr\/wp-json\/wp\/v2\/comments?post=8166"}],"wp:featuredmedia":[{"embeddable":true,"href":"https:\/\/www.ibeauty.expert\/hr\/wp-json\/wp\/v2\/media\/6263"}],"wp:attachment":[{"href":"https:\/\/www.ibeauty.expert\/hr\/wp-json\/wp\/v2\/media?parent=8166"}],"wp:term":[{"taxonomy":"brand","embeddable":true,"href":"https:\/\/www.ibeauty.expert\/hr\/wp-json\/wp\/v2\/etheme_brands?post=8166"},{"taxonomy":"product_brand","embeddable":true,"href":"https:\/\/www.ibeauty.expert\/hr\/wp-json\/wp\/v2\/product_brand?post=8166"},{"taxonomy":"product_cat","embeddable":true,"href":"https:\/\/www.ibeauty.expert\/hr\/wp-json\/wp\/v2\/product_cat?post=8166"},{"taxonomy":"product_tag","embeddable":true,"href":"https:\/\/www.ibeauty.expert\/hr\/wp-json\/wp\/v2\/product_tag?post=8166"}],"curies":[{"name":"wp","href":"https:\/\/api.w.org\/{rel}","templated":true}]}}