{"id":8168,"date":"2022-03-17T13:29:38","date_gmt":"2022-03-17T12:29:38","guid":{"rendered":"https:\/\/www.ibeauty.expert\/Bez kategorije\/solfine-hair-and-scalp-fresh-balm-200-ml\/"},"modified":"2022-03-17T13:29:38","modified_gmt":"2022-03-17T12:29:38","slug":"solfine-hair-and-scalp-fresh-balm-200-ml","status":"publish","type":"product","link":"https:\/\/www.ibeauty.expert\/hr\/kozmetika-za-kosu\/solfine-hair-and-scalp-fresh-balm-200-ml\/","title":{"rendered":"Solfine Hair and Scalp Fresh Balm 200 ml"},"content":{"rendered":"","protected":false},"excerpt":{"rendered":"<h2>Tretman za obnavljanje ravnote\u017ee vlasi\u0161ta i kose<\/h2>\n<p>Vla\u017ei, umiruje i tonizira vlasi\u0161te, dok raspetljava i omek\u0161ava duljine, ostavljaju\u0107i ih mekim i sjajnim. Pru\u017ea olak\u0161anje suhoj ko\u017ei, uz ugodan osje\u0107aj svje\u017eine. Indicirano za zrelu, dehidriranu ko\u017ei ili ko\u017eu sa suhim perutanjem: pogodan za sve tipove kose.<\/p>\n<p><strong>Upotreba:<\/strong> svje\u017ei balzam se koristi nakon \u0161amponiranja, na vla\u017eno vlasi\u0161te i kosu. Ravnomjerno nanesite na vlasi\u0161te i umasiraju\u0107i rasporedite dok cijela povr\u0161ina nije dobro prekrivena proizvodom. Zatim nastavite s nano\u0161enjem na duljine i vrhove, masiraju\u0107i pramen po pramen, i ra\u0161\u010de\u0161ljajte. Ostavite da djeluje 3-5 minuta, emulgirajte i temeljito isperite. Nastavite sa stiliziranjem kao i obi\u010dno.<\/p>\n","protected":false},"featured_media":8169,"comment_status":"open","ping_status":"closed","template":"","meta":{"_seopress_robots_primary_cat":"","_seopress_titles_title":"","_seopress_titles_desc":"","_seopress_robots_index":""},"etheme_brands":[],"product_brand":[],"product_cat":[773],"product_tag":[],"class_list":{"0":"post-8168","1":"product","2":"type-product","3":"status-publish","4":"has-post-thumbnail","6":"product_cat-kozmetika-za-kosu","8":"first","9":"instock","10":"taxable","11":"shipping-taxable","12":"purchasable","13":"product-type-simple"},"_links":{"self":[{"href":"https:\/\/www.ibeauty.expert\/hr\/wp-json\/wp\/v2\/product\/8168","targetHints":{"allow":["GET"]}}],"collection":[{"href":"https:\/\/www.ibeauty.expert\/hr\/wp-json\/wp\/v2\/product"}],"about":[{"href":"https:\/\/www.ibeauty.expert\/hr\/wp-json\/wp\/v2\/types\/product"}],"replies":[{"embeddable":true,"href":"https:\/\/www.ibeauty.expert\/hr\/wp-json\/wp\/v2\/comments?post=8168"}],"wp:featuredmedia":[{"embeddable":true,"href":"https:\/\/www.ibeauty.expert\/hr\/wp-json\/wp\/v2\/media\/8169"}],"wp:attachment":[{"href":"https:\/\/www.ibeauty.expert\/hr\/wp-json\/wp\/v2\/media?parent=8168"}],"wp:term":[{"taxonomy":"brand","embeddable":true,"href":"https:\/\/www.ibeauty.expert\/hr\/wp-json\/wp\/v2\/etheme_brands?post=8168"},{"taxonomy":"product_brand","embeddable":true,"href":"https:\/\/www.ibeauty.expert\/hr\/wp-json\/wp\/v2\/product_brand?post=8168"},{"taxonomy":"product_cat","embeddable":true,"href":"https:\/\/www.ibeauty.expert\/hr\/wp-json\/wp\/v2\/product_cat?post=8168"},{"taxonomy":"product_tag","embeddable":true,"href":"https:\/\/www.ibeauty.expert\/hr\/wp-json\/wp\/v2\/product_tag?post=8168"}],"curies":[{"name":"wp","href":"https:\/\/api.w.org\/{rel}","templated":true}]}}