{"id":8172,"date":"2021-12-21T12:32:05","date_gmt":"2021-12-21T11:32:05","guid":{"rendered":"https:\/\/www.ibeauty.expert\/Bez%20kategorije\/solfine-volume-spray-250-ml\/"},"modified":"2025-02-17T16:02:27","modified_gmt":"2025-02-17T15:02:27","slug":"solfine-volume-spray-250-ml","status":"publish","type":"product","link":"https:\/\/www.ibeauty.expert\/hr\/proizvodi-za-oblikovanje-kose\/solfine-volume-spray-250-ml\/","title":{"rendered":"Solfine Volume Spray 250 ml"},"content":{"rendered":"","protected":false},"excerpt":{"rendered":"<h2>Sprej za volumen<\/h2>\n<p>Kreativni preparat namijenjen za tanku kosu. Uklanja stati\u010dki elektricitet tijekom su\u0161enja i olak\u0161ava davanje volumena. Koristi se prije \u0161i\u0161anja, poma\u017ee da kosa bude punija i povezanija. Tako\u0111er izvrsno za o\u017eivljavanje frizure izme\u0111u jednog i drugog uvijanja.<\/p>\n<p><strong>Upotreba:<\/strong> poprskati direktno na kosu, ra\u0161\u010de\u0161ljati da se rasporedi i nastavi sa su\u0161enjem.<\/p>\n","protected":false},"featured_media":8173,"comment_status":"open","ping_status":"closed","template":"","meta":{"_seopress_robots_primary_cat":"","_seopress_titles_title":"","_seopress_titles_desc":"","_seopress_robots_index":""},"etheme_brands":[],"product_brand":[],"product_cat":[774],"product_tag":[],"class_list":{"0":"post-8172","1":"product","2":"type-product","3":"status-publish","4":"has-post-thumbnail","6":"product_cat-proizvodi-za-oblikovanje-kose","8":"first","9":"instock","10":"taxable","11":"shipping-taxable","12":"purchasable","13":"product-type-simple"},"_links":{"self":[{"href":"https:\/\/www.ibeauty.expert\/hr\/wp-json\/wp\/v2\/product\/8172","targetHints":{"allow":["GET"]}}],"collection":[{"href":"https:\/\/www.ibeauty.expert\/hr\/wp-json\/wp\/v2\/product"}],"about":[{"href":"https:\/\/www.ibeauty.expert\/hr\/wp-json\/wp\/v2\/types\/product"}],"replies":[{"embeddable":true,"href":"https:\/\/www.ibeauty.expert\/hr\/wp-json\/wp\/v2\/comments?post=8172"}],"wp:featuredmedia":[{"embeddable":true,"href":"https:\/\/www.ibeauty.expert\/hr\/wp-json\/wp\/v2\/media\/8173"}],"wp:attachment":[{"href":"https:\/\/www.ibeauty.expert\/hr\/wp-json\/wp\/v2\/media?parent=8172"}],"wp:term":[{"taxonomy":"brand","embeddable":true,"href":"https:\/\/www.ibeauty.expert\/hr\/wp-json\/wp\/v2\/etheme_brands?post=8172"},{"taxonomy":"product_brand","embeddable":true,"href":"https:\/\/www.ibeauty.expert\/hr\/wp-json\/wp\/v2\/product_brand?post=8172"},{"taxonomy":"product_cat","embeddable":true,"href":"https:\/\/www.ibeauty.expert\/hr\/wp-json\/wp\/v2\/product_cat?post=8172"},{"taxonomy":"product_tag","embeddable":true,"href":"https:\/\/www.ibeauty.expert\/hr\/wp-json\/wp\/v2\/product_tag?post=8172"}],"curies":[{"name":"wp","href":"https:\/\/api.w.org\/{rel}","templated":true}]}}