{"id":8174,"date":"2021-12-21T12:29:13","date_gmt":"2021-12-21T11:29:13","guid":{"rendered":"https:\/\/www.ibeauty.expert\/Bez%20kategorije\/solfine-modelling-gum-100-ml\/"},"modified":"2025-02-17T16:01:23","modified_gmt":"2025-02-17T15:01:23","slug":"solfine-modelling-gum-100-ml","status":"publish","type":"product","link":"https:\/\/www.ibeauty.expert\/hr\/nekategorizirano-hr\/solfine-modelling-gum-100-ml\/","title":{"rendered":"Solfine Modelling Gum 100 ml"},"content":{"rendered":"","protected":false},"excerpt":{"rendered":"<h2>Vosak u gelu<\/h2>\n<p>Sjajni i svestrani vosak za modeliranje. Omogu\u0107uje postizanje sna\u017ene fiksacije gela i gripkosti voska. Oblikuje, daje sjaj i podr\u017eava najodlu\u010dnije stilove. Formira, oblikuje i daje postojanost i \u010dvrsto\u0107u. Izvrsno na kratkoj kosi za stvaranje sjajnih plasti\u010dnih ili ra\u0161\u010dupanih efekata, bez zama\u0161\u0107ivanja.<\/p>\n<p><strong>Upotreba:<\/strong> nanesite malu koli\u010dinu proizvoda izme\u0111u ruku i oblikujte kosu po \u017eelji.<\/p>\n","protected":false},"featured_media":8175,"comment_status":"open","ping_status":"closed","template":"","meta":{"_seopress_robots_primary_cat":"","_seopress_titles_title":"","_seopress_titles_desc":"","_seopress_robots_index":""},"etheme_brands":[],"product_brand":[],"product_cat":[769],"product_tag":[],"class_list":{"0":"post-8174","1":"product","2":"type-product","3":"status-publish","4":"has-post-thumbnail","6":"product_cat-nekategorizirano-hr","8":"first","9":"outofstock","10":"taxable","11":"shipping-taxable","12":"purchasable","13":"product-type-simple"},"_links":{"self":[{"href":"https:\/\/www.ibeauty.expert\/hr\/wp-json\/wp\/v2\/product\/8174","targetHints":{"allow":["GET"]}}],"collection":[{"href":"https:\/\/www.ibeauty.expert\/hr\/wp-json\/wp\/v2\/product"}],"about":[{"href":"https:\/\/www.ibeauty.expert\/hr\/wp-json\/wp\/v2\/types\/product"}],"replies":[{"embeddable":true,"href":"https:\/\/www.ibeauty.expert\/hr\/wp-json\/wp\/v2\/comments?post=8174"}],"wp:featuredmedia":[{"embeddable":true,"href":"https:\/\/www.ibeauty.expert\/hr\/wp-json\/wp\/v2\/media\/8175"}],"wp:attachment":[{"href":"https:\/\/www.ibeauty.expert\/hr\/wp-json\/wp\/v2\/media?parent=8174"}],"wp:term":[{"taxonomy":"brand","embeddable":true,"href":"https:\/\/www.ibeauty.expert\/hr\/wp-json\/wp\/v2\/etheme_brands?post=8174"},{"taxonomy":"product_brand","embeddable":true,"href":"https:\/\/www.ibeauty.expert\/hr\/wp-json\/wp\/v2\/product_brand?post=8174"},{"taxonomy":"product_cat","embeddable":true,"href":"https:\/\/www.ibeauty.expert\/hr\/wp-json\/wp\/v2\/product_cat?post=8174"},{"taxonomy":"product_tag","embeddable":true,"href":"https:\/\/www.ibeauty.expert\/hr\/wp-json\/wp\/v2\/product_tag?post=8174"}],"curies":[{"name":"wp","href":"https:\/\/api.w.org\/{rel}","templated":true}]}}