{"id":8176,"date":"2021-12-21T12:26:07","date_gmt":"2021-12-21T11:26:07","guid":{"rendered":"https:\/\/www.ibeauty.expert\/Bez%20kategorije\/solfine-eco-hair-spray-300-ml\/"},"modified":"2025-02-17T15:58:51","modified_gmt":"2025-02-17T14:58:51","slug":"solfine-eco-hair-spray-300-ml","status":"publish","type":"product","link":"https:\/\/www.ibeauty.expert\/hr\/proizvodi-za-oblikovanje-kose\/solfine-eco-hair-spray-300-ml\/","title":{"rendered":"Solfine Eco Hair Spray 300 ml"},"content":{"rendered":"","protected":false},"excerpt":{"rendered":"<h2>Ekolo\u0161ki lak za kosu<\/h2>\n<p>Idealan za svaku frizuru, jam\u010di sjajno i odlu\u010dno u\u010dvr\u0161\u0107ivanje, ali se lako skida pokretom \u010detke. Ne ostavlja tragove. Nanesen na vla\u017enu kosu, prije su\u0161enja, prati definiciju pokreta, daju\u0107i volumen i sjaj.<\/p>\n<p><strong>Upotreba:<\/strong> protresite i poprskajte direktno na vla\u017enu ili suhu kosu prema \u017eeljenoj fiksaciji.<\/p>\n","protected":false},"featured_media":8177,"comment_status":"open","ping_status":"closed","template":"","meta":{"_seopress_robots_primary_cat":"","_seopress_titles_title":"","_seopress_titles_desc":"","_seopress_robots_index":""},"etheme_brands":[],"product_brand":[],"product_cat":[774],"product_tag":[],"class_list":{"0":"post-8176","1":"product","2":"type-product","3":"status-publish","4":"has-post-thumbnail","6":"product_cat-proizvodi-za-oblikovanje-kose","8":"first","9":"instock","10":"taxable","11":"shipping-taxable","12":"purchasable","13":"product-type-simple"},"_links":{"self":[{"href":"https:\/\/www.ibeauty.expert\/hr\/wp-json\/wp\/v2\/product\/8176","targetHints":{"allow":["GET"]}}],"collection":[{"href":"https:\/\/www.ibeauty.expert\/hr\/wp-json\/wp\/v2\/product"}],"about":[{"href":"https:\/\/www.ibeauty.expert\/hr\/wp-json\/wp\/v2\/types\/product"}],"replies":[{"embeddable":true,"href":"https:\/\/www.ibeauty.expert\/hr\/wp-json\/wp\/v2\/comments?post=8176"}],"wp:featuredmedia":[{"embeddable":true,"href":"https:\/\/www.ibeauty.expert\/hr\/wp-json\/wp\/v2\/media\/8177"}],"wp:attachment":[{"href":"https:\/\/www.ibeauty.expert\/hr\/wp-json\/wp\/v2\/media?parent=8176"}],"wp:term":[{"taxonomy":"brand","embeddable":true,"href":"https:\/\/www.ibeauty.expert\/hr\/wp-json\/wp\/v2\/etheme_brands?post=8176"},{"taxonomy":"product_brand","embeddable":true,"href":"https:\/\/www.ibeauty.expert\/hr\/wp-json\/wp\/v2\/product_brand?post=8176"},{"taxonomy":"product_cat","embeddable":true,"href":"https:\/\/www.ibeauty.expert\/hr\/wp-json\/wp\/v2\/product_cat?post=8176"},{"taxonomy":"product_tag","embeddable":true,"href":"https:\/\/www.ibeauty.expert\/hr\/wp-json\/wp\/v2\/product_tag?post=8176"}],"curies":[{"name":"wp","href":"https:\/\/api.w.org\/{rel}","templated":true}]}}