{"id":8178,"date":"2021-12-21T12:23:08","date_gmt":"2021-12-21T11:23:08","guid":{"rendered":"https:\/\/www.ibeauty.expert\/Bez kategorije\/solfine-create-gel-150-ml\/"},"modified":"2021-12-21T12:23:08","modified_gmt":"2021-12-21T11:23:08","slug":"solfine-create-gel-150-ml","status":"publish","type":"product","link":"https:\/\/www.ibeauty.expert\/hr\/proizvodi-za-oblikovanje-kose\/solfine-create-gel-150-ml\/","title":{"rendered":"Solfine Create Gel 150 ml"},"content":{"rendered":"","protected":false},"excerpt":{"rendered":"<h2>Ekstra jak gel<\/h2>\n<p>Gel za sjaj i fiksiranje, sa super u\u010dvr\u0161\u0107ivanjem. Omogu\u0107uje vam oblikovanje kose s vrlo \u010dvrstim dr\u017eanjem i izvrsnim mokrim u\u010dinkom.<\/p>\n<p><strong>Upotreba:<\/strong> nanesite optimalnu koli\u010dinu izme\u0111u ruku, na temelju \u017eeljene fiksacije, i oblikujte kosu po \u017eelji.<\/p>\n","protected":false},"featured_media":8179,"comment_status":"open","ping_status":"closed","template":"","meta":{"_seopress_robots_primary_cat":"","_seopress_titles_title":"","_seopress_titles_desc":"","_seopress_robots_index":""},"etheme_brands":[],"product_brand":[],"product_cat":[774],"product_tag":[],"class_list":{"0":"post-8178","1":"product","2":"type-product","3":"status-publish","4":"has-post-thumbnail","6":"product_cat-proizvodi-za-oblikovanje-kose","8":"first","9":"instock","10":"taxable","11":"shipping-taxable","12":"purchasable","13":"product-type-simple"},"_links":{"self":[{"href":"https:\/\/www.ibeauty.expert\/hr\/wp-json\/wp\/v2\/product\/8178","targetHints":{"allow":["GET"]}}],"collection":[{"href":"https:\/\/www.ibeauty.expert\/hr\/wp-json\/wp\/v2\/product"}],"about":[{"href":"https:\/\/www.ibeauty.expert\/hr\/wp-json\/wp\/v2\/types\/product"}],"replies":[{"embeddable":true,"href":"https:\/\/www.ibeauty.expert\/hr\/wp-json\/wp\/v2\/comments?post=8178"}],"wp:featuredmedia":[{"embeddable":true,"href":"https:\/\/www.ibeauty.expert\/hr\/wp-json\/wp\/v2\/media\/8179"}],"wp:attachment":[{"href":"https:\/\/www.ibeauty.expert\/hr\/wp-json\/wp\/v2\/media?parent=8178"}],"wp:term":[{"taxonomy":"brand","embeddable":true,"href":"https:\/\/www.ibeauty.expert\/hr\/wp-json\/wp\/v2\/etheme_brands?post=8178"},{"taxonomy":"product_brand","embeddable":true,"href":"https:\/\/www.ibeauty.expert\/hr\/wp-json\/wp\/v2\/product_brand?post=8178"},{"taxonomy":"product_cat","embeddable":true,"href":"https:\/\/www.ibeauty.expert\/hr\/wp-json\/wp\/v2\/product_cat?post=8178"},{"taxonomy":"product_tag","embeddable":true,"href":"https:\/\/www.ibeauty.expert\/hr\/wp-json\/wp\/v2\/product_tag?post=8178"}],"curies":[{"name":"wp","href":"https:\/\/api.w.org\/{rel}","templated":true}]}}