{"id":8184,"date":"2021-12-21T11:45:34","date_gmt":"2021-12-21T10:45:34","guid":{"rendered":"https:\/\/www.ibeauty.expert\/Bez%20kategorije\/solfine-oxy-30-vol-9-200-ml\/"},"modified":"2025-02-18T12:45:13","modified_gmt":"2025-02-18T11:45:13","slug":"solfine-oxy-30-vol-9-200-ml","status":"publish","type":"product","link":"https:\/\/www.ibeauty.expert\/hr\/solfine-emulzija-hr\/solfine-oxy-30-vol-9-200-ml\/","title":{"rendered":"Solfine OXY 30 vol. 9% 200 ml"},"content":{"rendered":"<table style=\"height: 95px\" width=\"585\">\n<tbody>\n<tr>\n<td style=\"text-align: center\" width=\"202\"><strong>potreba<\/strong><\/td>\n<td style=\"text-align: center\" width=\"122\"><strong>oksidant<\/strong><\/td>\n<td style=\"text-align: center\" width=\"137\"><strong>mije\u0161anje<\/strong><\/td>\n<td style=\"text-align: center\" width=\"117\"><strong>vrijeme<\/strong><\/td>\n<\/tr>\n<tr>\n<td style=\"text-align: center\">posvjetliti 2-3 tona<\/td>\n<td style=\"text-align: center\">30 vol.<\/td>\n<td style=\"text-align: center\">1:1,5<\/td>\n<td style=\"text-align: center\">40 min<\/td>\n<\/tr>\n<\/tbody>\n<\/table>\n","protected":false},"excerpt":{"rendered":"<p>To je emulzija za trajno bojanje i posvjetljivanje kose, koja djeluje s bojom Solfine Natural Color. Oksidans sadr\u017ei vrlo u\u010dinkovite oksidacijske elemente koji omogu\u0107uju pigmentima boje da prodru u unutra\u0161njost kose.<\/p>\n<p><strong>30 volumena:<\/strong> za potpunu pokrivenost i posvjetljivanje do 3 nijanse.<\/p>\n","protected":false},"featured_media":8186,"comment_status":"open","ping_status":"closed","template":"","meta":{"_seopress_robots_primary_cat":"","_seopress_titles_title":"","_seopress_titles_desc":"","_seopress_robots_index":""},"etheme_brands":[],"product_brand":[],"product_cat":[770],"product_tag":[],"class_list":{"0":"post-8184","1":"product","2":"type-product","3":"status-publish","4":"has-post-thumbnail","6":"product_cat-solfine-emulzija-hr","8":"first","9":"instock","10":"taxable","11":"shipping-taxable","12":"purchasable","13":"product-type-simple"},"_links":{"self":[{"href":"https:\/\/www.ibeauty.expert\/hr\/wp-json\/wp\/v2\/product\/8184","targetHints":{"allow":["GET"]}}],"collection":[{"href":"https:\/\/www.ibeauty.expert\/hr\/wp-json\/wp\/v2\/product"}],"about":[{"href":"https:\/\/www.ibeauty.expert\/hr\/wp-json\/wp\/v2\/types\/product"}],"replies":[{"embeddable":true,"href":"https:\/\/www.ibeauty.expert\/hr\/wp-json\/wp\/v2\/comments?post=8184"}],"wp:featuredmedia":[{"embeddable":true,"href":"https:\/\/www.ibeauty.expert\/hr\/wp-json\/wp\/v2\/media\/8186"}],"wp:attachment":[{"href":"https:\/\/www.ibeauty.expert\/hr\/wp-json\/wp\/v2\/media?parent=8184"}],"wp:term":[{"taxonomy":"brand","embeddable":true,"href":"https:\/\/www.ibeauty.expert\/hr\/wp-json\/wp\/v2\/etheme_brands?post=8184"},{"taxonomy":"product_brand","embeddable":true,"href":"https:\/\/www.ibeauty.expert\/hr\/wp-json\/wp\/v2\/product_brand?post=8184"},{"taxonomy":"product_cat","embeddable":true,"href":"https:\/\/www.ibeauty.expert\/hr\/wp-json\/wp\/v2\/product_cat?post=8184"},{"taxonomy":"product_tag","embeddable":true,"href":"https:\/\/www.ibeauty.expert\/hr\/wp-json\/wp\/v2\/product_tag?post=8184"}],"curies":[{"name":"wp","href":"https:\/\/api.w.org\/{rel}","templated":true}]}}