{"id":8194,"date":"2022-11-29T11:00:43","date_gmt":"2022-11-29T10:00:43","guid":{"rendered":"https:\/\/www.ibeauty.expert\/Bez kategorije\/solfine-hair-spray-500-ml\/"},"modified":"2022-11-29T11:00:43","modified_gmt":"2022-11-29T10:00:43","slug":"solfine-hair-spray-500-ml","status":"publish","type":"product","link":"https:\/\/www.ibeauty.expert\/hr\/nekategorizirano-hr\/solfine-hair-spray-500-ml\/","title":{"rendered":"Solfine Hair Spray 500 ml"},"content":{"rendered":"","protected":false},"excerpt":{"rendered":"<h2>Lak u spreju<\/h2>\n<p>Savr\u0161eno kao zavr\u0161na gesta za svaki izgled. Jam\u010di trenuta\u010dno i odlu\u010dno u\u010dvr\u0161\u0107ivanje, daju\u0107i sjaj. Brzo se su\u0161i i ne ostavlja tragove.<\/p>\n<p><strong>Upotreba:<\/strong> protresti i poprskati direktno na suhu kosu, prema \u017eeljenom fiksiranju.<\/p>\n","protected":false},"featured_media":424,"comment_status":"open","ping_status":"closed","template":"","meta":{"_seopress_robots_primary_cat":"","_seopress_titles_title":"","_seopress_titles_desc":"","_seopress_robots_index":""},"etheme_brands":[],"product_brand":[],"product_cat":[769],"product_tag":[],"class_list":{"0":"post-8194","1":"product","2":"type-product","3":"status-publish","4":"has-post-thumbnail","6":"product_cat-nekategorizirano-hr","8":"first","9":"instock","10":"taxable","11":"shipping-taxable","12":"purchasable","13":"product-type-simple"},"_links":{"self":[{"href":"https:\/\/www.ibeauty.expert\/hr\/wp-json\/wp\/v2\/product\/8194","targetHints":{"allow":["GET"]}}],"collection":[{"href":"https:\/\/www.ibeauty.expert\/hr\/wp-json\/wp\/v2\/product"}],"about":[{"href":"https:\/\/www.ibeauty.expert\/hr\/wp-json\/wp\/v2\/types\/product"}],"replies":[{"embeddable":true,"href":"https:\/\/www.ibeauty.expert\/hr\/wp-json\/wp\/v2\/comments?post=8194"}],"wp:featuredmedia":[{"embeddable":true,"href":"https:\/\/www.ibeauty.expert\/hr\/wp-json\/wp\/v2\/media\/424"}],"wp:attachment":[{"href":"https:\/\/www.ibeauty.expert\/hr\/wp-json\/wp\/v2\/media?parent=8194"}],"wp:term":[{"taxonomy":"brand","embeddable":true,"href":"https:\/\/www.ibeauty.expert\/hr\/wp-json\/wp\/v2\/etheme_brands?post=8194"},{"taxonomy":"product_brand","embeddable":true,"href":"https:\/\/www.ibeauty.expert\/hr\/wp-json\/wp\/v2\/product_brand?post=8194"},{"taxonomy":"product_cat","embeddable":true,"href":"https:\/\/www.ibeauty.expert\/hr\/wp-json\/wp\/v2\/product_cat?post=8194"},{"taxonomy":"product_tag","embeddable":true,"href":"https:\/\/www.ibeauty.expert\/hr\/wp-json\/wp\/v2\/product_tag?post=8194"}],"curies":[{"name":"wp","href":"https:\/\/api.w.org\/{rel}","templated":true}]}}