{"id":8198,"date":"2025-02-17T11:00:42","date_gmt":"2025-02-17T10:00:42","guid":{"rendered":"https:\/\/www.ibeauty.expert\/Bez%20kategorije\/solfine-fine-hair-shampoo-1000-ml-2\/"},"modified":"2025-02-21T14:10:01","modified_gmt":"2025-02-21T13:10:01","slug":"solfine-fine-hair-shampoo-1000-ml-2","status":"publish","type":"product","link":"https:\/\/www.ibeauty.expert\/hr\/kozmetika-za-kosu\/solfine-fine-hair-shampoo-1000-ml-2\/","title":{"rendered":"Solfine Fine Hair Shampoo 1000 ml"},"content":{"rendered":"","protected":false},"excerpt":{"rendered":"<h2>\u0160ampon za tanku kosu<\/h2>\n<p>Osigurava optimalno \u010di\u0161\u0107enje nadopunjavanjem vlakana kose. Kosu \u010dini voluminoznijom, punijom i konzistentnijom.<\/p>\n<p><strong>Upotreba<\/strong>: nakon navla\u017eenja kose ravnomjerno rasporediti na tjeme i masirati 1-2 minute. Temeljito isprati i ponoviti ako je potrebno.<\/p>\n","protected":false},"featured_media":8152,"comment_status":"open","ping_status":"closed","template":"","meta":{"_seopress_robots_primary_cat":"","_seopress_titles_title":"","_seopress_titles_desc":"","_seopress_robots_index":""},"etheme_brands":[],"product_brand":[],"product_cat":[773],"product_tag":[],"class_list":{"0":"post-8198","1":"product","2":"type-product","3":"status-publish","4":"has-post-thumbnail","6":"product_cat-kozmetika-za-kosu","8":"first","9":"instock","10":"taxable","11":"shipping-taxable","12":"purchasable","13":"product-type-simple"},"_links":{"self":[{"href":"https:\/\/www.ibeauty.expert\/hr\/wp-json\/wp\/v2\/product\/8198","targetHints":{"allow":["GET"]}}],"collection":[{"href":"https:\/\/www.ibeauty.expert\/hr\/wp-json\/wp\/v2\/product"}],"about":[{"href":"https:\/\/www.ibeauty.expert\/hr\/wp-json\/wp\/v2\/types\/product"}],"replies":[{"embeddable":true,"href":"https:\/\/www.ibeauty.expert\/hr\/wp-json\/wp\/v2\/comments?post=8198"}],"wp:featuredmedia":[{"embeddable":true,"href":"https:\/\/www.ibeauty.expert\/hr\/wp-json\/wp\/v2\/media\/8152"}],"wp:attachment":[{"href":"https:\/\/www.ibeauty.expert\/hr\/wp-json\/wp\/v2\/media?parent=8198"}],"wp:term":[{"taxonomy":"brand","embeddable":true,"href":"https:\/\/www.ibeauty.expert\/hr\/wp-json\/wp\/v2\/etheme_brands?post=8198"},{"taxonomy":"product_brand","embeddable":true,"href":"https:\/\/www.ibeauty.expert\/hr\/wp-json\/wp\/v2\/product_brand?post=8198"},{"taxonomy":"product_cat","embeddable":true,"href":"https:\/\/www.ibeauty.expert\/hr\/wp-json\/wp\/v2\/product_cat?post=8198"},{"taxonomy":"product_tag","embeddable":true,"href":"https:\/\/www.ibeauty.expert\/hr\/wp-json\/wp\/v2\/product_tag?post=8198"}],"curies":[{"name":"wp","href":"https:\/\/api.w.org\/{rel}","templated":true}]}}