{"id":8202,"date":"2024-11-14T16:00:51","date_gmt":"2024-11-14T15:00:51","guid":{"rendered":"https:\/\/www.ibeauty.expert\/Bez kategorije\/solfine-coloured-hair-shampoo-1000-ml\/"},"modified":"2024-11-14T16:00:51","modified_gmt":"2024-11-14T15:00:51","slug":"solfine-coloured-hair-shampoo-1000-ml","status":"publish","type":"product","link":"https:\/\/www.ibeauty.expert\/hr\/kozmetika-za-kosu\/solfine-coloured-hair-shampoo-1000-ml\/","title":{"rendered":"Solfine Coloured Hair Shampoo 1000 ml"},"content":{"rendered":"","protected":false},"excerpt":{"rendered":"<h2>\u0160ampon za obojenu kosu<\/h2>\n<p>Osigurava nje\u017eno \u010di\u0161\u0107enje uz o\u010duvanje intenziteta i sjaja boje. Ostavlja kosu sjajnom i podatnom za rukovanje.<\/p>\n<p><strong>Upotreba:<\/strong> nakon navla\u017eenja kose ravnomjerno rasporediti na tjeme i masirati 1-2 minute. Temeljito isprati i ponoviti ako je potrebno.<\/p>\n","protected":false},"featured_media":8131,"comment_status":"open","ping_status":"closed","template":"","meta":{"_seopress_robots_primary_cat":"","_seopress_titles_title":"","_seopress_titles_desc":"","_seopress_robots_index":""},"etheme_brands":[],"product_brand":[],"product_cat":[773],"product_tag":[],"class_list":{"0":"post-8202","1":"product","2":"type-product","3":"status-publish","4":"has-post-thumbnail","6":"product_cat-kozmetika-za-kosu","8":"first","9":"instock","10":"taxable","11":"shipping-taxable","12":"purchasable","13":"product-type-simple"},"_links":{"self":[{"href":"https:\/\/www.ibeauty.expert\/hr\/wp-json\/wp\/v2\/product\/8202","targetHints":{"allow":["GET"]}}],"collection":[{"href":"https:\/\/www.ibeauty.expert\/hr\/wp-json\/wp\/v2\/product"}],"about":[{"href":"https:\/\/www.ibeauty.expert\/hr\/wp-json\/wp\/v2\/types\/product"}],"replies":[{"embeddable":true,"href":"https:\/\/www.ibeauty.expert\/hr\/wp-json\/wp\/v2\/comments?post=8202"}],"wp:featuredmedia":[{"embeddable":true,"href":"https:\/\/www.ibeauty.expert\/hr\/wp-json\/wp\/v2\/media\/8131"}],"wp:attachment":[{"href":"https:\/\/www.ibeauty.expert\/hr\/wp-json\/wp\/v2\/media?parent=8202"}],"wp:term":[{"taxonomy":"brand","embeddable":true,"href":"https:\/\/www.ibeauty.expert\/hr\/wp-json\/wp\/v2\/etheme_brands?post=8202"},{"taxonomy":"product_brand","embeddable":true,"href":"https:\/\/www.ibeauty.expert\/hr\/wp-json\/wp\/v2\/product_brand?post=8202"},{"taxonomy":"product_cat","embeddable":true,"href":"https:\/\/www.ibeauty.expert\/hr\/wp-json\/wp\/v2\/product_cat?post=8202"},{"taxonomy":"product_tag","embeddable":true,"href":"https:\/\/www.ibeauty.expert\/hr\/wp-json\/wp\/v2\/product_tag?post=8202"}],"curies":[{"name":"wp","href":"https:\/\/api.w.org\/{rel}","templated":true}]}}