{"id":8208,"date":"2024-11-14T12:00:37","date_gmt":"2024-11-14T11:00:37","guid":{"rendered":"https:\/\/www.ibeauty.expert\/Bez kategorije\/lucens-shampoo-rinfrescante-250-ml\/"},"modified":"2024-11-14T12:00:37","modified_gmt":"2024-11-14T11:00:37","slug":"lucens-shampoo-rinfrescante-250-ml","status":"publish","type":"product","link":"https:\/\/www.ibeauty.expert\/hr\/kozmetika-za-kosu\/lucens-shampoo-rinfrescante-250-ml\/","title":{"rendered":"Lucens Shampoo Rinfrescante 250 ml"},"content":{"rendered":"","protected":false},"excerpt":{"rendered":"<h3 data-start=\"0\" data-end=\"54\"><strong data-start=\"0\" data-end=\"24\">\u0160AMPON ZA MASNU KOSU<\/strong><\/h3>\n<p data-start=\"0\" data-end=\"54\"><strong>96 % prirodnog podrijetla<\/strong><\/p>\n<p data-start=\"56\" data-end=\"122\">\u0160ampon za \u010di\u0161\u0107enje, posebno dizajniran za masnu kosu i vlasi\u0161te.<\/p>\n<p data-start=\"124\" data-end=\"180\">Sadr\u017ei Lucens Care Complex*, ekstrakte breze* i vrbe*.<\/p>\n<p data-start=\"182\" data-end=\"248\">Miris oboga\u0107en eteri\u010dnim uljima ciprese*, smreke i eukaliptusa*.<\/p>\n<p data-start=\"250\" data-end=\"270\" data-is-last-node=\"\">*iz organskog uzgoja<\/p>\n","protected":false},"featured_media":8209,"comment_status":"open","ping_status":"closed","template":"","meta":{"_seopress_robots_primary_cat":"","_seopress_titles_title":"","_seopress_titles_desc":"","_seopress_robots_index":""},"etheme_brands":[],"product_brand":[],"product_cat":[773],"product_tag":[],"class_list":{"0":"post-8208","1":"product","2":"type-product","3":"status-publish","4":"has-post-thumbnail","6":"product_cat-kozmetika-za-kosu","8":"first","9":"instock","10":"taxable","11":"shipping-taxable","12":"purchasable","13":"product-type-simple"},"_links":{"self":[{"href":"https:\/\/www.ibeauty.expert\/hr\/wp-json\/wp\/v2\/product\/8208","targetHints":{"allow":["GET"]}}],"collection":[{"href":"https:\/\/www.ibeauty.expert\/hr\/wp-json\/wp\/v2\/product"}],"about":[{"href":"https:\/\/www.ibeauty.expert\/hr\/wp-json\/wp\/v2\/types\/product"}],"replies":[{"embeddable":true,"href":"https:\/\/www.ibeauty.expert\/hr\/wp-json\/wp\/v2\/comments?post=8208"}],"wp:featuredmedia":[{"embeddable":true,"href":"https:\/\/www.ibeauty.expert\/hr\/wp-json\/wp\/v2\/media\/8209"}],"wp:attachment":[{"href":"https:\/\/www.ibeauty.expert\/hr\/wp-json\/wp\/v2\/media?parent=8208"}],"wp:term":[{"taxonomy":"brand","embeddable":true,"href":"https:\/\/www.ibeauty.expert\/hr\/wp-json\/wp\/v2\/etheme_brands?post=8208"},{"taxonomy":"product_brand","embeddable":true,"href":"https:\/\/www.ibeauty.expert\/hr\/wp-json\/wp\/v2\/product_brand?post=8208"},{"taxonomy":"product_cat","embeddable":true,"href":"https:\/\/www.ibeauty.expert\/hr\/wp-json\/wp\/v2\/product_cat?post=8208"},{"taxonomy":"product_tag","embeddable":true,"href":"https:\/\/www.ibeauty.expert\/hr\/wp-json\/wp\/v2\/product_tag?post=8208"}],"curies":[{"name":"wp","href":"https:\/\/api.w.org\/{rel}","templated":true}]}}