{"id":8210,"date":"2024-11-14T12:00:35","date_gmt":"2024-11-14T11:00:35","guid":{"rendered":"https:\/\/www.ibeauty.expert\/Bez%20kategorije\/lucens-shampoo-vitalizzante-250-ml\/"},"modified":"2025-02-18T15:32:44","modified_gmt":"2025-02-18T14:32:44","slug":"lucens-shampoo-vitalizzante-250-ml","status":"publish","type":"product","link":"https:\/\/www.ibeauty.expert\/hr\/kozmetika-za-kosu\/lucens-shampoo-vitalizzante-250-ml\/","title":{"rendered":"Lucens Shampoo Vitalizzante 250 ml"},"content":{"rendered":"","protected":false},"excerpt":{"rendered":"<h3 data-start=\"0\" data-end=\"62\"><strong data-start=\"0\" data-end=\"32\">\u0160AMPON ZA TANKU I RJE\u0110U KOSU<\/strong><\/h3>\n<p data-start=\"0\" data-end=\"62\"><strong>96 % prirodnog podrijetla<\/strong><\/p>\n<p data-start=\"64\" data-end=\"153\">\u0160ampon, posebno dizajniran za tanku, rijetku kosu koja je oslabila ili sklona opadanju.<\/p>\n<p data-start=\"155\" data-end=\"234\">Sadr\u017ei Lucens Care Complex*, biljne proteine, ekstrakte koprive* i ginsenga*.<\/p>\n<p data-start=\"236\" data-end=\"290\">Miris oboga\u0107en eteri\u010dnim uljima mente* i ru\u017emarina*.<\/p>\n<p data-start=\"292\" data-end=\"312\" data-is-last-node=\"\">*iz organskog uzgoja<\/p>\n","protected":false},"featured_media":8211,"comment_status":"open","ping_status":"closed","template":"","meta":{"_seopress_robots_primary_cat":"","_seopress_titles_title":"","_seopress_titles_desc":"","_seopress_robots_index":""},"etheme_brands":[],"product_brand":[],"product_cat":[773],"product_tag":[],"class_list":{"0":"post-8210","1":"product","2":"type-product","3":"status-publish","4":"has-post-thumbnail","6":"product_cat-kozmetika-za-kosu","8":"first","9":"instock","10":"taxable","11":"shipping-taxable","12":"purchasable","13":"product-type-simple"},"_links":{"self":[{"href":"https:\/\/www.ibeauty.expert\/hr\/wp-json\/wp\/v2\/product\/8210","targetHints":{"allow":["GET"]}}],"collection":[{"href":"https:\/\/www.ibeauty.expert\/hr\/wp-json\/wp\/v2\/product"}],"about":[{"href":"https:\/\/www.ibeauty.expert\/hr\/wp-json\/wp\/v2\/types\/product"}],"replies":[{"embeddable":true,"href":"https:\/\/www.ibeauty.expert\/hr\/wp-json\/wp\/v2\/comments?post=8210"}],"wp:featuredmedia":[{"embeddable":true,"href":"https:\/\/www.ibeauty.expert\/hr\/wp-json\/wp\/v2\/media\/8211"}],"wp:attachment":[{"href":"https:\/\/www.ibeauty.expert\/hr\/wp-json\/wp\/v2\/media?parent=8210"}],"wp:term":[{"taxonomy":"brand","embeddable":true,"href":"https:\/\/www.ibeauty.expert\/hr\/wp-json\/wp\/v2\/etheme_brands?post=8210"},{"taxonomy":"product_brand","embeddable":true,"href":"https:\/\/www.ibeauty.expert\/hr\/wp-json\/wp\/v2\/product_brand?post=8210"},{"taxonomy":"product_cat","embeddable":true,"href":"https:\/\/www.ibeauty.expert\/hr\/wp-json\/wp\/v2\/product_cat?post=8210"},{"taxonomy":"product_tag","embeddable":true,"href":"https:\/\/www.ibeauty.expert\/hr\/wp-json\/wp\/v2\/product_tag?post=8210"}],"curies":[{"name":"wp","href":"https:\/\/api.w.org\/{rel}","templated":true}]}}