{"id":8212,"date":"2024-11-14T12:00:33","date_gmt":"2024-11-14T11:00:33","guid":{"rendered":"https:\/\/www.ibeauty.expert\/Bez kategorije\/lucens-maschera-ricca-200-ml\/"},"modified":"2024-11-14T12:00:33","modified_gmt":"2024-11-14T11:00:33","slug":"lucens-maschera-ricca-200-ml","status":"publish","type":"product","link":"https:\/\/www.ibeauty.expert\/hr\/kozmetika-za-kosu\/lucens-maschera-ricca-200-ml\/","title":{"rendered":"Lucens Maschera Ricca 200 ml"},"content":{"rendered":"","protected":false},"excerpt":{"rendered":"<h3 data-start=\"0\" data-end=\"63\"><strong data-start=\"0\" data-end=\"33\">MASKA ZA SUHU I O\u0160TE\u0106ENU KOSU<\/strong><\/h3>\n<p><strong>95 % prirodnog podrijetla<\/strong><\/p>\n<p data-start=\"65\" data-end=\"147\">Njeguju\u0107a i obnavljaju\u0107a terapija za suhu, kovr\u010davu, lomljivu ili o\u0161te\u0107enu kosu.<\/p>\n<p data-start=\"149\" data-end=\"247\">Sadr\u017ei Lucens Care Complex*, biljne aminokiseline, maslinovo* ulje, ekstrakte sljeza* i nevena*.<\/p>\n<p data-start=\"249\" data-end=\"305\">Miris oboga\u0107en eteri\u010dnim uljima lavande* i ru\u017emarina*.<\/p>\n<p data-start=\"307\" data-end=\"327\" data-is-last-node=\"\">*iz organskog uzgoja<\/p>\n","protected":false},"featured_media":8213,"comment_status":"open","ping_status":"closed","template":"","meta":{"_seopress_robots_primary_cat":"","_seopress_titles_title":"","_seopress_titles_desc":"","_seopress_robots_index":""},"etheme_brands":[],"product_brand":[],"product_cat":[773],"product_tag":[],"class_list":{"0":"post-8212","1":"product","2":"type-product","3":"status-publish","4":"has-post-thumbnail","6":"product_cat-kozmetika-za-kosu","8":"first","9":"instock","10":"taxable","11":"shipping-taxable","12":"purchasable","13":"product-type-simple"},"_links":{"self":[{"href":"https:\/\/www.ibeauty.expert\/hr\/wp-json\/wp\/v2\/product\/8212","targetHints":{"allow":["GET"]}}],"collection":[{"href":"https:\/\/www.ibeauty.expert\/hr\/wp-json\/wp\/v2\/product"}],"about":[{"href":"https:\/\/www.ibeauty.expert\/hr\/wp-json\/wp\/v2\/types\/product"}],"replies":[{"embeddable":true,"href":"https:\/\/www.ibeauty.expert\/hr\/wp-json\/wp\/v2\/comments?post=8212"}],"wp:featuredmedia":[{"embeddable":true,"href":"https:\/\/www.ibeauty.expert\/hr\/wp-json\/wp\/v2\/media\/8213"}],"wp:attachment":[{"href":"https:\/\/www.ibeauty.expert\/hr\/wp-json\/wp\/v2\/media?parent=8212"}],"wp:term":[{"taxonomy":"brand","embeddable":true,"href":"https:\/\/www.ibeauty.expert\/hr\/wp-json\/wp\/v2\/etheme_brands?post=8212"},{"taxonomy":"product_brand","embeddable":true,"href":"https:\/\/www.ibeauty.expert\/hr\/wp-json\/wp\/v2\/product_brand?post=8212"},{"taxonomy":"product_cat","embeddable":true,"href":"https:\/\/www.ibeauty.expert\/hr\/wp-json\/wp\/v2\/product_cat?post=8212"},{"taxonomy":"product_tag","embeddable":true,"href":"https:\/\/www.ibeauty.expert\/hr\/wp-json\/wp\/v2\/product_tag?post=8212"}],"curies":[{"name":"wp","href":"https:\/\/api.w.org\/{rel}","templated":true}]}}