{"id":8214,"date":"2024-11-14T12:00:31","date_gmt":"2024-11-14T11:00:31","guid":{"rendered":"https:\/\/www.ibeauty.expert\/Bez kategorije\/lucens-shampoo-ricco-250-ml\/"},"modified":"2024-11-14T12:00:31","modified_gmt":"2024-11-14T11:00:31","slug":"lucens-shampoo-ricco-250-ml","status":"publish","type":"product","link":"https:\/\/www.ibeauty.expert\/hr\/kozmetika-za-kosu\/lucens-shampoo-ricco-250-ml\/","title":{"rendered":"Lucens Shampoo Ricco 250 ml"},"content":{"rendered":"","protected":false},"excerpt":{"rendered":"<h3 data-start=\"0\" data-end=\"64\"><strong data-start=\"0\" data-end=\"34\">\u0160AMPON ZA SUHU I O\u0160TE\u0106ENU KOSU<\/strong><\/h3>\n<p data-start=\"0\" data-end=\"64\"><strong>95 % prirodnog podrijetla<\/strong><\/p>\n<p data-start=\"66\" data-end=\"136\">Njeguju\u0107i i obnavljaju\u0107i \u0161ampon za suhu, lomljivu ili o\u0161te\u0107enu kosu.<\/p>\n<p data-start=\"138\" data-end=\"219\">Sadr\u017ei Lucens Care Complex*, biljne aminokiseline, ekstrakte sljeza* i nevena*.<\/p>\n<p data-start=\"221\" data-end=\"277\">Miris oboga\u0107en eteri\u010dnim uljima lavande* i ru\u017emarina*.<\/p>\n<p data-start=\"279\" data-end=\"299\" data-is-last-node=\"\">*iz organskog uzgoja<\/p>\n","protected":false},"featured_media":8215,"comment_status":"open","ping_status":"closed","template":"","meta":{"_seopress_robots_primary_cat":"","_seopress_titles_title":"","_seopress_titles_desc":"","_seopress_robots_index":""},"etheme_brands":[],"product_brand":[],"product_cat":[773],"product_tag":[],"class_list":{"0":"post-8214","1":"product","2":"type-product","3":"status-publish","4":"has-post-thumbnail","6":"product_cat-kozmetika-za-kosu","8":"first","9":"instock","10":"taxable","11":"shipping-taxable","12":"purchasable","13":"product-type-simple"},"_links":{"self":[{"href":"https:\/\/www.ibeauty.expert\/hr\/wp-json\/wp\/v2\/product\/8214","targetHints":{"allow":["GET"]}}],"collection":[{"href":"https:\/\/www.ibeauty.expert\/hr\/wp-json\/wp\/v2\/product"}],"about":[{"href":"https:\/\/www.ibeauty.expert\/hr\/wp-json\/wp\/v2\/types\/product"}],"replies":[{"embeddable":true,"href":"https:\/\/www.ibeauty.expert\/hr\/wp-json\/wp\/v2\/comments?post=8214"}],"wp:featuredmedia":[{"embeddable":true,"href":"https:\/\/www.ibeauty.expert\/hr\/wp-json\/wp\/v2\/media\/8215"}],"wp:attachment":[{"href":"https:\/\/www.ibeauty.expert\/hr\/wp-json\/wp\/v2\/media?parent=8214"}],"wp:term":[{"taxonomy":"brand","embeddable":true,"href":"https:\/\/www.ibeauty.expert\/hr\/wp-json\/wp\/v2\/etheme_brands?post=8214"},{"taxonomy":"product_brand","embeddable":true,"href":"https:\/\/www.ibeauty.expert\/hr\/wp-json\/wp\/v2\/product_brand?post=8214"},{"taxonomy":"product_cat","embeddable":true,"href":"https:\/\/www.ibeauty.expert\/hr\/wp-json\/wp\/v2\/product_cat?post=8214"},{"taxonomy":"product_tag","embeddable":true,"href":"https:\/\/www.ibeauty.expert\/hr\/wp-json\/wp\/v2\/product_tag?post=8214"}],"curies":[{"name":"wp","href":"https:\/\/api.w.org\/{rel}","templated":true}]}}