{"id":8220,"date":"2024-08-05T14:00:32","date_gmt":"2024-08-05T12:00:32","guid":{"rendered":"https:\/\/www.ibeauty.expert\/Bez kategorije\/lucens-shampoo-protezione-capelli-colorati-250-ml\/"},"modified":"2024-08-05T14:00:32","modified_gmt":"2024-08-05T12:00:32","slug":"lucens-shampoo-protezione-capelli-colorati-250-ml","status":"publish","type":"product","link":"https:\/\/www.ibeauty.expert\/hr\/kozmetika-za-kosu\/lucens-shampoo-protezione-capelli-colorati-250-ml\/","title":{"rendered":"Lucens Shampoo Protezione Capelli Colorati 250 ml"},"content":{"rendered":"","protected":false},"excerpt":{"rendered":"<h3 data-start=\"0\" data-end=\"56\"><strong data-start=\"0\" data-end=\"26\">\u0160AMPON ZA OBOJENU KOSU<\/strong><\/h3>\n<p data-start=\"0\" data-end=\"56\"><strong>96 % prirodnog podrijetla<\/strong><\/p>\n<p data-start=\"58\" data-end=\"131\">\u0160ampon posebno dizajniran za njegu i nagla\u0161avanje ljepote obojene kose.<\/p>\n<p data-start=\"133\" data-end=\"223\">Sadr\u017ei Lucens Care Complex*, ulje sjemenki suncokreta*, ekstrakte nevena* i suncokreta*.<\/p>\n<p data-start=\"225\" data-end=\"281\">Miris oboga\u0107en eteri\u010dnim uljima lavande* i ru\u017emarina*.<\/p>\n<p data-start=\"283\" data-end=\"303\" data-is-last-node=\"\">*iz organskog uzgoja<\/p>\n","protected":false},"featured_media":8219,"comment_status":"open","ping_status":"closed","template":"","meta":{"_seopress_robots_primary_cat":"","_seopress_titles_title":"","_seopress_titles_desc":"","_seopress_robots_index":""},"etheme_brands":[],"product_brand":[],"product_cat":[773],"product_tag":[],"class_list":{"0":"post-8220","1":"product","2":"type-product","3":"status-publish","4":"has-post-thumbnail","6":"product_cat-kozmetika-za-kosu","8":"first","9":"instock","10":"taxable","11":"shipping-taxable","12":"purchasable","13":"product-type-simple"},"_links":{"self":[{"href":"https:\/\/www.ibeauty.expert\/hr\/wp-json\/wp\/v2\/product\/8220","targetHints":{"allow":["GET"]}}],"collection":[{"href":"https:\/\/www.ibeauty.expert\/hr\/wp-json\/wp\/v2\/product"}],"about":[{"href":"https:\/\/www.ibeauty.expert\/hr\/wp-json\/wp\/v2\/types\/product"}],"replies":[{"embeddable":true,"href":"https:\/\/www.ibeauty.expert\/hr\/wp-json\/wp\/v2\/comments?post=8220"}],"wp:featuredmedia":[{"embeddable":true,"href":"https:\/\/www.ibeauty.expert\/hr\/wp-json\/wp\/v2\/media\/8219"}],"wp:attachment":[{"href":"https:\/\/www.ibeauty.expert\/hr\/wp-json\/wp\/v2\/media?parent=8220"}],"wp:term":[{"taxonomy":"brand","embeddable":true,"href":"https:\/\/www.ibeauty.expert\/hr\/wp-json\/wp\/v2\/etheme_brands?post=8220"},{"taxonomy":"product_brand","embeddable":true,"href":"https:\/\/www.ibeauty.expert\/hr\/wp-json\/wp\/v2\/product_brand?post=8220"},{"taxonomy":"product_cat","embeddable":true,"href":"https:\/\/www.ibeauty.expert\/hr\/wp-json\/wp\/v2\/product_cat?post=8220"},{"taxonomy":"product_tag","embeddable":true,"href":"https:\/\/www.ibeauty.expert\/hr\/wp-json\/wp\/v2\/product_tag?post=8220"}],"curies":[{"name":"wp","href":"https:\/\/api.w.org\/{rel}","templated":true}]}}