{"id":8268,"date":"2022-08-19T17:12:40","date_gmt":"2022-08-19T15:12:40","guid":{"rendered":"https:\/\/www.ibeauty.expert\/Bez%20kategorije\/lucens-color-145-ml\/"},"modified":"2026-03-02T14:37:21","modified_gmt":"2026-03-02T13:37:21","slug":"lucens-color-145-ml","status":"publish","type":"product","link":"https:\/\/www.ibeauty.expert\/hr\/boje-lucens\/lucens-color-145-ml\/","title":{"rendered":"Lucens Color 145 ml"},"content":{"rendered":"<p><strong>SASTOJCI IZ PRIRODNOG IZVORA:<\/strong><\/p>\n<ul>\n<li><strong>ekstrakt nevena:\u00a0<\/strong>poznat po omek\u0161avaju\u0107em i umiruju\u0107em u\u010dinku, posebno je cijenjen za njegu isu\u0161ene i osjetljive ko\u017ee. Stvara prirodni film oko vlasi, zagla\u0111uje ih i olak\u0161ava \u010de\u0161ljanje. Kosa postaje sjajna i svilenkasta.<\/li>\n<li><strong>ekstrakti divizme*, smilja*, lana* i kamilicom za bojanje*<\/strong>: djeluju antioksidativno, omek\u0161avaju\u0107e i umiruju\u0107e. Odabrani su zbog svog omek\u0161avaju\u0107eg, umiruju\u0107eg i antioksidativnog u\u010dinka. U sinergiji s drugim biljnim ekstraktima u formuli pove\u0107avaju nje\u017enost boje, hidrataciju kose i za\u0161titu boje od oksidansa.<\/li>\n<li><strong>suncokretovo ulje*<\/strong>: sadr\u017ei brojne vitamine, me\u0111u kojima se posebno isti\u010de udio vitamina E, koji poma\u017ee za\u0161tititi kapilarnu strukturu od starenja i boju od oksidacije zbog UV zra\u010denja. Budu\u0107i da ima odli\u010dnu omek\u0161avaju\u0107u i zagla\u0111uju\u0107u snagu, dobro se povezuje s lipidima u kosi, koja postaje mekana, poslu\u0161na i sjajna.<\/li>\n<\/ul>\n<ul class=\"wc-tabs tabs-nav\">\n<li class=\"et-opened active\" aria-selected=\"true\"><a id=\"tab_description\" class=\"tab-title opened\" href=\"https:\/\/www.ibeauty.expert\/hr\/boje-lucens\/lucens-color-145-ml\/#tab_description\">Opis<\/a><\/li>\n<li aria-selected=\"false\"><a id=\"tab_additional_information\" class=\"tab-title \" href=\"https:\/\/www.ibeauty.expert\/hr\/boje-lucens\/lucens-color-145-ml\/#tab_additional_information\">Dodatne informacije<\/a><\/li>\n<li aria-selected=\"false\"><a id=\"tab_reviews\" class=\"tab-title \" href=\"https:\/\/www.ibeauty.expert\/hr\/boje-lucens\/lucens-color-145-ml\/#tab_reviews\">Recenzije (0)<\/a><\/li>\n<\/ul>\n<div id=\"content_tab_description\" class=\"tab-content tab-description\">\n<div class=\"tab-content-inner\">\n<div class=\"tab-content-scroll\">\n<p><strong>SASTOJCI IZ PRIRODNOG IZVORA:<\/strong><\/p>\n<ul>\n<li><strong>ekstrakt nevena:\u00a0<\/strong>poznat po omek\u0161avaju\u0107em i umiruju\u0107em u\u010dinku, posebno je cijenjen za njegu isu\u0161ene i osjetljive ko\u017ee. Stvara prirodni film oko vlasi, zagla\u0111uje ih i olak\u0161ava \u010de\u0161ljanje. Kosa postaje sjajna i svilenkasta.<\/li>\n<li><strong>ekstrakti divizme*, smilja*, lana* i kamilicom za bojanje*<\/strong>: djeluju antioksidativno, omek\u0161avaju\u0107e i umiruju\u0107e. Odabrani su zbog svog omek\u0161avaju\u0107eg, umiruju\u0107eg i antioksidativnog u\u010dinka. U sinergiji s drugim biljnim ekstraktima u formuli pove\u0107avaju nje\u017enost boje, hidrataciju kose i za\u0161titu boje od oksidansa.<\/li>\n<li><strong>suncokretovo ulje*<\/strong>: sadr\u017ei brojne vitamine, me\u0111u kojima se posebno isti\u010de udio vitamina E, koji poma\u017ee za\u0161tititi kapilarnu strukturu od starenja i boju od oksidacije zbog UV zra\u010denja. Budu\u0107i da ima odli\u010dnu omek\u0161avaju\u0107u i zagla\u0111uju\u0107u snagu, dobro se povezuje s lipidima u kosi, koja postaje mekana, poslu\u0161na i sjajna.<\/li>\n<\/ul>\n<p><strong>S uljima i ekstraktima ljekovitih biljaka *iz organskog uzgoja<\/strong>, koji pobolj\u0161avaju toleranciju ko\u017ee te ujedno \u0161tite i njeguju kosu tijekom bojanja..<\/p>\n<p>&nbsp;<\/p>\n<p><strong>Bez amonijaka<\/strong>, parafenilendiamina (PPD), rezorcinola, silikona, alkohola, propilen glikola, SLS\/SLES, mineralnih ulja, parabena, sinteti\u010dkih mirisa smanjuje se rizik od alergijskih reakcija.<\/p>\n<p><strong>Dermatolo\u0161ki testirano.<\/strong><\/p>\n<p>Test na nikal (Ni &lt; 0.0001%).<\/p>\n<\/div>\n<\/div>\n<\/div>\n<p>&nbsp;<\/p>\n<p>&nbsp;<\/p>\n<p>&nbsp;<\/p>\n","protected":false},"excerpt":{"rendered":"<h3><strong>\u017dive i sjajne boje te za\u0161ti\u0107ena kosa<\/strong><\/h3>\n<p>Nje\u017ena i postojana boja, bez amonijaka, s uljima i ekstraktima iz organskog uzgoja:<strong>\u00a0do 80%*<\/strong>\u00a0sastojaka iz prirodnih izvora u mje\u0161avini s razvija\u010dem.<\/p>\n<p>*postotak se mijenja ovisno o nijansi, a ra\u010duna se mije\u0161anjem s razvija\u010dem u skladu s mjerilima koja su definirana tehni\u010dkim standardom ISO 16128.<\/p>\n<p>Formula osigurava potpuno prekrivanje sijede kose i odli\u010dnu toleranciju ko\u017ee.<\/p>\n<p>Kosi daje \u017eivahnu, sjajnu, homogenu te dugotrajnu i postojanu boju. Bar\u0161unasta tekstura mje\u0161avine olak\u0161ava nano\u0161enje i osigurava potpuno prianjanje kosi bez kapanja.<\/p>\n<p>Oksidacijska krema\u00a0<strong>s niskim udjelom vodikovog peroksida<\/strong>\u00a0potpuno prekriva sijedu kosu i ujedno nje\u017eno djeluje na vlasi\u0161te i kosu.<\/p>\n<p>Paket obuhva\u0107a aplikator za izravno nano\u0161enje i aktivator.<\/p>\n","protected":false},"featured_media":8235,"comment_status":"open","ping_status":"closed","template":"","meta":{"_seopress_robots_primary_cat":"none","_seopress_titles_title":"","_seopress_titles_desc":"","_seopress_robots_index":""},"etheme_brands":[],"product_brand":[],"product_cat":[771],"product_tag":[],"class_list":{"0":"post-8268","1":"product","2":"type-product","3":"status-publish","4":"has-post-thumbnail","6":"product_cat-boje-lucens","8":"first","9":"instock","10":"taxable","11":"shipping-taxable","12":"purchasable","13":"product-type-variable"},"_links":{"self":[{"href":"https:\/\/www.ibeauty.expert\/hr\/wp-json\/wp\/v2\/product\/8268","targetHints":{"allow":["GET"]}}],"collection":[{"href":"https:\/\/www.ibeauty.expert\/hr\/wp-json\/wp\/v2\/product"}],"about":[{"href":"https:\/\/www.ibeauty.expert\/hr\/wp-json\/wp\/v2\/types\/product"}],"replies":[{"embeddable":true,"href":"https:\/\/www.ibeauty.expert\/hr\/wp-json\/wp\/v2\/comments?post=8268"}],"wp:featuredmedia":[{"embeddable":true,"href":"https:\/\/www.ibeauty.expert\/hr\/wp-json\/wp\/v2\/media\/8235"}],"wp:attachment":[{"href":"https:\/\/www.ibeauty.expert\/hr\/wp-json\/wp\/v2\/media?parent=8268"}],"wp:term":[{"taxonomy":"brand","embeddable":true,"href":"https:\/\/www.ibeauty.expert\/hr\/wp-json\/wp\/v2\/etheme_brands?post=8268"},{"taxonomy":"product_brand","embeddable":true,"href":"https:\/\/www.ibeauty.expert\/hr\/wp-json\/wp\/v2\/product_brand?post=8268"},{"taxonomy":"product_cat","embeddable":true,"href":"https:\/\/www.ibeauty.expert\/hr\/wp-json\/wp\/v2\/product_cat?post=8268"},{"taxonomy":"product_tag","embeddable":true,"href":"https:\/\/www.ibeauty.expert\/hr\/wp-json\/wp\/v2\/product_tag?post=8268"}],"curies":[{"name":"wp","href":"https:\/\/api.w.org\/{rel}","templated":true}]}}